{"id":1968,"date":"2024-11-22T15:25:44","date_gmt":"2024-11-22T15:25:44","guid":{"rendered":"https:\/\/grupobeit.com\/?page_id=1968"},"modified":"2024-11-29T04:37:43","modified_gmt":"2024-11-29T04:37:43","slug":"privilege-access-management-pam","status":"publish","type":"page","link":"https:\/\/grupobeit.com\/en\/privilege-access-management-pam\/","title":{"rendered":"Privilege Access Management PAM"},"content":{"rendered":"<div class=\"wpb-content-wrapper\"><div class=\"firwl-vc-row-container\" ><div class=\"vc_row firwl-stickycont wpb_row firwl-vc_row\"><div class=\"firwl-rowcontainer-vc\"><div class=\"firwl-rowcontent\"><div class=\"wpb_column vc_column_container vc_col-sm-12\"><div class=\"vc_column-inner\"><div class=\"wpb_wrapper\"><div class=\"vc_row wpb_row vc_inner firwl-vc_row\"><div class=\"firwl-rowcontainer-vc\"><div class=\"firwl-rowcontent\"><div class=\"wpb_column vc_column_container vc_col-sm-12\"><div class=\"vc_column-inner\"><div class=\"wpb_wrapper\">\n\t<div class=\"wpb_text_column wpb_content_element\" >\n\t\t<div class=\"wpb_wrapper\">\n\t\t\t<div class=\"float-left\"><img decoding=\"async\" src=\"http:\/\/grupobeit.com\/wp-content\/uploads\/2024\/11\/Capa_1-3.png\" width=\"75px\" \/><\/div>\n<div class=\"title-section-assessment-multiple float-left\">Privilege Access Management PAM<\/div>\n\n\t\t<\/div>\n\t<\/div>\n<\/div><\/div><\/div><\/div><\/div><\/div>\t\t\t<hr class=\"firwl-spacer-s\">\n\t\t\n\t<div class=\"wpb_text_column wpb_content_element color-gris\" >\n\t\t<div class=\"wpb_wrapper\">\n\t\t\t<p>Protect your organization\u2019s privileged accounts. With our solution, you not only secure password storage but also implement additional security measures, including activity monitoring and access policy enforcement. This helps prevent unauthorized access and effectively mitigate security risks.<\/p>\n<p>The PAM system gives you full control over who accesses your high-privilege accounts, ensuring that only authorized individuals can use these critical credentials.<\/p>\n\n\t\t<\/div>\n\t<\/div>\n\t\t\t<hr class=\"firwl-spacer-s\">\n\t\t<\/div><\/div><\/div><\/div><\/div><\/div><\/div><div class=\"firwl-vc-row-container\" ><div class=\"vc_row firwl-stickycont wpb_row firwl-vc_row overflow-visible equal-height-container vc_custom_1732286086374 vc_row-has-fill vc_row-o-equal-height vc_row-flex\"><div class=\"firwl-container firwl-rowcontainer-vc\"><div class=\"firwl-rowcontent\"><div class=\"wpb_column vc_column_container vc_col-sm-4\"><div class=\"vc_column-inner\"><div class=\"wpb_wrapper\"><div class=\"vc_empty_space\"   style=\"height: 15px\"><span class=\"vc_empty_space_inner\"><\/span><\/div><div class=\"vc_row wpb_row vc_inner firwl-vc_row vc_custom_1731471674279\"><div class=\"firwl-rowcontainer-vc\"><div class=\"firwl-rowcontent\"><div class=\"benficios-borde wpb_column vc_column_container vc_col-sm-12 vc_col-has-fill\"><div class=\"vc_column-inner vc_custom_1731554129426\"><div class=\"wpb_wrapper\">\t\t\t<hr class=\"firwl-spacer-s\">\n\t\t\n\t<div  class=\"wpb_single_image wpb_content_element vc_align_left wpb_content_element\">\n\t\t\n\t\t<figure class=\"wpb_wrapper vc_figure\">\n\t\t\t<div class=\"vc_single_image-wrapper   vc_box_border_grey\"><img loading=\"lazy\" decoding=\"async\" width=\"95\" height=\"95\" src=\"https:\/\/grupobeit.com\/wp-content\/uploads\/2024\/11\/Layer_1-17.png\" class=\"vc_single_image-img attachment-thumbnail\" alt=\"\" title=\"Layer_1 (17)\" \/><\/div>\n\t\t<\/figure>\n\t<\/div>\n\t\t\t<hr class=\"firwl-spacer-xs\">\n\t\t\n\t<div class=\"wpb_text_column wpb_content_element sub-title-beneficios\" >\n\t\t<div class=\"wpb_wrapper\">\n\t\t\t<p>Enhanced Security<\/p>\n\n\t\t<\/div>\n\t<\/div>\n\n\t<div class=\"wpb_text_column wpb_content_element beneficios-content\" >\n\t\t<div class=\"wpb_wrapper\">\n\t\t\t<p>Strengthen your organization\u2019s defense against internal and external threats by restricting access to privileged accounts.<\/p>\n\n\t\t<\/div>\n\t<\/div>\n\t\t\t<hr class=\"firwl-spacer-s\">\n\t\t<\/div><\/div><\/div><\/div><\/div><\/div><\/div><\/div><\/div><div class=\"wpb_column vc_column_container vc_col-sm-4\"><div class=\"vc_column-inner vc_custom_1731471764839\"><div class=\"wpb_wrapper\"><div class=\"vc_empty_space\"   style=\"height: 15px\"><span class=\"vc_empty_space_inner\"><\/span><\/div><div class=\"vc_row wpb_row vc_inner firwl-vc_row vc_custom_1731471674279\"><div class=\"firwl-rowcontainer-vc\"><div class=\"firwl-rowcontent\"><div class=\"benficios-borde wpb_column vc_column_container vc_col-sm-12 vc_col-has-fill\"><div class=\"vc_column-inner vc_custom_1731554129426\"><div class=\"wpb_wrapper\">\t\t\t<hr class=\"firwl-spacer-s\">\n\t\t\n\t<div  class=\"wpb_single_image wpb_content_element vc_align_left wpb_content_element\">\n\t\t\n\t\t<figure class=\"wpb_wrapper vc_figure\">\n\t\t\t<div class=\"vc_single_image-wrapper   vc_box_border_grey\"><img loading=\"lazy\" decoding=\"async\" width=\"95\" height=\"95\" src=\"https:\/\/grupobeit.com\/wp-content\/uploads\/2024\/11\/Layer_1-18.png\" class=\"vc_single_image-img attachment-thumbnail\" alt=\"\" title=\"Layer_1 (18)\" \/><\/div>\n\t\t<\/figure>\n\t<\/div>\n\t\t\t<hr class=\"firwl-spacer-xs\">\n\t\t\n\t<div class=\"wpb_text_column wpb_content_element sub-title-beneficios\" >\n\t\t<div class=\"wpb_wrapper\">\n\t\t\t<p>Continuous Monitoring<\/p>\n\n\t\t<\/div>\n\t<\/div>\n\n\t<div class=\"wpb_text_column wpb_content_element beneficios-content\" >\n\t\t<div class=\"wpb_wrapper\">\n\t\t\t<p>Provides real-time visibility into activities related to privileged accounts, enabling a quick response to any suspicious behavior.<\/p>\n\n\t\t<\/div>\n\t<\/div>\n\t\t\t<hr class=\"firwl-spacer-s\">\n\t\t<\/div><\/div><\/div><\/div><\/div><\/div><\/div><\/div><\/div><div class=\"wpb_column vc_column_container vc_col-sm-4\"><div class=\"vc_column-inner\"><div class=\"wpb_wrapper\"><div class=\"vc_empty_space\"   style=\"height: 15px\"><span class=\"vc_empty_space_inner\"><\/span><\/div><div class=\"vc_row wpb_row vc_inner firwl-vc_row vc_custom_1731471674279\"><div class=\"firwl-rowcontainer-vc\"><div class=\"firwl-rowcontent\"><div class=\"benficios-borde wpb_column vc_column_container vc_col-sm-12 vc_col-has-fill\"><div class=\"vc_column-inner vc_custom_1731554129426\"><div class=\"wpb_wrapper\">\t\t\t<hr class=\"firwl-spacer-s\">\n\t\t\n\t<div  class=\"wpb_single_image wpb_content_element vc_align_left wpb_content_element\">\n\t\t\n\t\t<figure class=\"wpb_wrapper vc_figure\">\n\t\t\t<div class=\"vc_single_image-wrapper   vc_box_border_grey\"><img loading=\"lazy\" decoding=\"async\" width=\"95\" height=\"95\" src=\"https:\/\/grupobeit.com\/wp-content\/uploads\/2024\/11\/Layer_1-19.png\" class=\"vc_single_image-img attachment-thumbnail\" alt=\"\" title=\"Layer_1 (19)\" \/><\/div>\n\t\t<\/figure>\n\t<\/div>\n\t\t\t<hr class=\"firwl-spacer-xs\">\n\t\t\n\t<div class=\"wpb_text_column wpb_content_element sub-title-beneficios\" >\n\t\t<div class=\"wpb_wrapper\">\n\t\t\t<p>Regulatory Compliance<\/p>\n\n\t\t<\/div>\n\t<\/div>\n\n\t<div class=\"wpb_text_column wpb_content_element beneficios-content\" >\n\t\t<div class=\"wpb_wrapper\">\n\t\t\t<p>Meet security regulations and standards such as GDPR and PCI DSS by ensuring that proper controls are implemented over critical access.<\/p>\n\n\t\t<\/div>\n\t<\/div>\n\t\t\t<hr class=\"firwl-spacer-s\">\n\t\t<\/div><\/div><\/div><\/div><\/div><\/div><\/div><\/div><\/div><\/div><\/div><\/div><\/div><div class=\"firwl-vc-row-container\" ><div class=\"vc_row firwl-stickycont wpb_row firwl-vc_row\"><div class=\"firwl-rowcontainer-vc\"><div class=\"firwl-rowcontent\"><div class=\"wpb_column vc_column_container vc_col-sm-12\"><div class=\"vc_column-inner\"><div class=\"wpb_wrapper\">\t\t\t<hr class=\"firwl-spacer-s\">\n\t\t<\/div><\/div><\/div><\/div><\/div><\/div><\/div><div class=\"firwl-vc-row-container\" ><div class=\"vc_row firwl-stickycont wpb_row firwl-vc_row overflow-visible equal-height-container vc_custom_1732286103621 vc_row-has-fill vc_row-o-equal-height vc_row-flex\"><div class=\"firwl-container firwl-rowcontainer-vc\"><div class=\"firwl-rowcontent\"><div class=\"wpb_column vc_column_container vc_col-sm-4\"><div class=\"vc_column-inner\"><div class=\"wpb_wrapper\"><div class=\"vc_empty_space\"   style=\"height: 15px\"><span class=\"vc_empty_space_inner\"><\/span><\/div><div class=\"vc_row wpb_row vc_inner firwl-vc_row vc_custom_1731471674279\"><div class=\"firwl-rowcontainer-vc\"><div class=\"firwl-rowcontent\"><div class=\"benficios-borde wpb_column vc_column_container vc_col-sm-12 vc_col-has-fill\"><div class=\"vc_column-inner vc_custom_1731554129426\"><div class=\"wpb_wrapper\">\t\t\t<hr class=\"firwl-spacer-s\">\n\t\t\n\t<div  class=\"wpb_single_image wpb_content_element vc_align_left wpb_content_element\">\n\t\t\n\t\t<figure class=\"wpb_wrapper vc_figure\">\n\t\t\t<div class=\"vc_single_image-wrapper   vc_box_border_grey\"><img loading=\"lazy\" decoding=\"async\" width=\"95\" height=\"95\" src=\"https:\/\/grupobeit.com\/wp-content\/uploads\/2024\/11\/Layer_1-15.png\" class=\"vc_single_image-img attachment-thumbnail\" alt=\"\" title=\"Layer_1 (15)\" \/><\/div>\n\t\t<\/figure>\n\t<\/div>\n\t\t\t<hr class=\"firwl-spacer-xs\">\n\t\t\n\t<div class=\"wpb_text_column wpb_content_element sub-title-beneficios\" >\n\t\t<div class=\"wpb_wrapper\">\n\t\t\t<p>Risk Reduction<\/p>\n\n\t\t<\/div>\n\t<\/div>\n\n\t<div class=\"wpb_text_column wpb_content_element beneficios-content\" >\n\t\t<div class=\"wpb_wrapper\">\n\t\t\t<p>Minimize the risk of cyberattacks through effective management of sensitive credentials and monitoring their use.<\/p>\n\n\t\t<\/div>\n\t<\/div>\n\t\t\t<hr class=\"firwl-spacer-s\">\n\t\t<\/div><\/div><\/div><\/div><\/div><\/div><\/div><\/div><\/div><div class=\"wpb_column vc_column_container vc_col-sm-4\"><div class=\"vc_column-inner vc_custom_1731471764839\"><div class=\"wpb_wrapper\"><div class=\"vc_empty_space\"   style=\"height: 15px\"><span class=\"vc_empty_space_inner\"><\/span><\/div><div class=\"vc_row wpb_row vc_inner firwl-vc_row vc_custom_1731471674279\"><div class=\"firwl-rowcontainer-vc\"><div class=\"firwl-rowcontent\"><div class=\"benficios-borde wpb_column vc_column_container vc_col-sm-12 vc_col-has-fill\"><div class=\"vc_column-inner vc_custom_1731554129426\"><div class=\"wpb_wrapper\">\t\t\t<hr class=\"firwl-spacer-s\">\n\t\t\n\t<div  class=\"wpb_single_image wpb_content_element vc_align_left wpb_content_element\">\n\t\t\n\t\t<figure class=\"wpb_wrapper vc_figure\">\n\t\t\t<div class=\"vc_single_image-wrapper   vc_box_border_grey\"><img loading=\"lazy\" decoding=\"async\" width=\"95\" height=\"95\" src=\"https:\/\/grupobeit.com\/wp-content\/uploads\/2024\/11\/Layer_1-16.png\" class=\"vc_single_image-img attachment-thumbnail\" alt=\"\" title=\"Layer_1 (16)\" \/><\/div>\n\t\t<\/figure>\n\t<\/div>\n\t\t\t<hr class=\"firwl-spacer-xs\">\n\t\t\n\t<div class=\"wpb_text_column wpb_content_element sub-title-beneficios\" >\n\t\t<div class=\"wpb_wrapper\">\n\t\t\t<p>Audit Ease<\/p>\n\n\t\t<\/div>\n\t<\/div>\n\n\t<div class=\"wpb_text_column wpb_content_element beneficios-content\" >\n\t\t<div class=\"wpb_wrapper\">\n\t\t\t<p>Facilitates the auditing of access and activities, enabling the generation of detailed reports that demonstrate compliance with security policies.<\/p>\n\n\t\t<\/div>\n\t<\/div>\n\t\t\t<hr class=\"firwl-spacer-s\">\n\t\t<\/div><\/div><\/div><\/div><\/div><\/div><\/div><\/div><\/div><div class=\"wpb_column vc_column_container vc_col-sm-4\"><div class=\"vc_column-inner\"><div class=\"wpb_wrapper\"><div class=\"vc_empty_space\"   style=\"height: 15px\"><span class=\"vc_empty_space_inner\"><\/span><\/div><\/div><\/div><\/div><\/div><\/div><\/div><\/div><div class=\"firwl-vc-row-container\" ><div class=\"vc_row firwl-stickycont wpb_row firwl-vc_row\"><div class=\"firwl-rowcontainer-vc\"><div class=\"firwl-rowcontent\"><div class=\"wpb_column vc_column_container vc_col-sm-12\"><div class=\"vc_column-inner\"><div class=\"wpb_wrapper\">\t\t\t<hr class=\"firwl-spacer-m\">\n\t\t<\/div><\/div><\/div><\/div><\/div><\/div><\/div><div class=\"firwl-vc-row-container\"  id=\"section-cards\" ><div id=\"firwl-intid-section-cards\" class=\"vc_row firwl-stickycont wpb_row firwl-vc_row wpb_animate_when_almost_visible wpb_fadeIn fadeIn vc_custom_1558261052551 vc_column-gap-30\"><div class=\"firwl-rowcontainer-vc\"><div class=\"firwl-rowcontent\"><div class=\"wpb_column vc_column_container vc_col-sm-6\"><div class=\"vc_column-inner vc_custom_1731554423186\"><div class=\"wpb_wrapper\">\n\t<div class=\"wpb_text_column wpb_content_element titulo-p\" >\n\t\t<div class=\"wpb_wrapper\">\n\t\t\t<p>CHARACTERISTICS<\/p>\n\n\t\t<\/div>\n\t<\/div>\n\t\t\t<hr class=\"firwl-spacer-s\">\n\t\t\n\t<div class=\"wpb_text_column wpb_content_element color-gris\" >\n\t\t<div class=\"wpb_wrapper\">\n\t\t\t<ul>\n<li>Secure Password Storage: A centralized repository to store privileged account passwords in encrypted form.<\/li>\n<li>Granular Access Policies: Define and enforce specific access policies based on roles, ensuring that authorized users have access to privileged accounts.<\/li>\n<li>Multi-Factor Authentication (MFA): Integrate additional authentication measures to enhance security for access to critical accounts.<\/li>\n<li>Detailed Logging and Auditing: Capture and store all activities performed with privileged accounts, enabling thorough audits and forensic analysis.<\/li>\n<li>Integration with Other Security Solutions: Integrate with other information security tools to create a more robust cybersecurity ecosystem.<\/li>\n<\/ul>\n\n\t\t<\/div>\n\t<\/div>\n\t\t\t<hr class=\"firwl-spacer-s\">\n\t\t<\/div><\/div><\/div><div class=\"wpb_column vc_column_container vc_col-sm-6\"><div class=\"vc_column-inner\"><div class=\"wpb_wrapper\">\n\t<div class=\"wpb_text_column wpb_content_element\" >\n\t\t<div class=\"wpb_wrapper\">\n\t\t\t<p><img decoding=\"async\" class=\"w-100\" src=\"http:\/\/grupobeit.com\/wp-content\/uploads\/2024\/11\/pam-img.png\" alt=\"\" \/><\/p>\n\n\t\t<\/div>\n\t<\/div>\n<\/div><\/div><\/div><\/div><\/div><\/div><\/div>\n<\/div>","protected":false},"excerpt":{"rendered":"Privilege Access Management PAM Protege las cuentas privilegiadas de su organizaci\u00f3n, con nuestra soluci\u00f3n no solo asegura el almacenamiento de contrase\u00f1as, sino que tambi\u00e9n implementa medidas adicionales de seguridad que incluyen la monitorizaci\u00f3n de actividades y la aplicaci\u00f3n de pol\u00edticas de acceso. Esto ayuda a prevenir accesos no autorizados y [...]","protected":false},"author":1,"featured_media":0,"parent":0,"menu_order":0,"comment_status":"closed","ping_status":"closed","template":"","meta":{"_uag_custom_page_level_css":"","_monsterinsights_skip_tracking":false,"_monsterinsights_sitenote_active":false,"_monsterinsights_sitenote_note":"","_monsterinsights_sitenote_category":0,"footnotes":""},"class_list":["post-1968","page","type-page","status-publish","hentry"],"uagb_featured_image_src":{"full":false,"thumbnail":false,"medium":false,"medium_large":false,"large":false,"1536x1536":false,"2048x2048":false,"trp-custom-language-flag":false,"post-thumbnail":false,"firwl-squared-s":false,"firwl-squared-m":false,"firwl-card":false},"uagb_author_info":{"display_name":"admGrupoBeit","author_link":"https:\/\/grupobeit.com\/en\/author\/admgrupobeit\/"},"uagb_comment_info":0,"uagb_excerpt":null,"_links":{"self":[{"href":"https:\/\/grupobeit.com\/en\/wp-json\/wp\/v2\/pages\/1968","targetHints":{"allow":["GET"]}}],"collection":[{"href":"https:\/\/grupobeit.com\/en\/wp-json\/wp\/v2\/pages"}],"about":[{"href":"https:\/\/grupobeit.com\/en\/wp-json\/wp\/v2\/types\/page"}],"author":[{"embeddable":true,"href":"https:\/\/grupobeit.com\/en\/wp-json\/wp\/v2\/users\/1"}],"replies":[{"embeddable":true,"href":"https:\/\/grupobeit.com\/en\/wp-json\/wp\/v2\/comments?post=1968"}],"version-history":[{"count":3,"href":"https:\/\/grupobeit.com\/en\/wp-json\/wp\/v2\/pages\/1968\/revisions"}],"predecessor-version":[{"id":1974,"href":"https:\/\/grupobeit.com\/en\/wp-json\/wp\/v2\/pages\/1968\/revisions\/1974"}],"wp:attachment":[{"href":"https:\/\/grupobeit.com\/en\/wp-json\/wp\/v2\/media?parent=1968"}],"curies":[{"name":"wp","href":"https:\/\/api.w.org\/{rel}","templated":true}]}}