{"id":2464,"date":"2025-01-15T23:58:44","date_gmt":"2025-01-15T23:58:44","guid":{"rendered":"https:\/\/grupobeit.com\/?page_id=2464"},"modified":"2025-01-16T00:02:03","modified_gmt":"2025-01-16T00:02:03","slug":"aviso-de-privacidad","status":"publish","type":"page","link":"https:\/\/grupobeit.com\/en\/aviso-de-privacidad\/","title":{"rendered":"PRIVACY NOTICE"},"content":{"rendered":"<div class=\"wpb-content-wrapper\"><section class=\"vc_section vc_custom_1558530290688 vc_section-has-fill\"><\/section><div class=\"firwl-vc-row-container\" ><div class=\"vc_row firwl-stickycont wpb_row firwl-vc_row\"><div class=\"firwl-container firwl-rowcontainer-vc\"><div class=\"firwl-rowcontent\"><div class=\"wpb_column vc_column_container vc_col-sm-12\"><div class=\"vc_column-inner\"><div class=\"wpb_wrapper\">\t\t\t<hr class=\"firwl-spacer-m\">\n\t\t\n\t\t<div class=\"firwl-section-caption sec-sec-home align-left-cont\">\n\n\t\t\t\t\t\t\t<h2 class=\"firwl-capfont firwl-glitchtxt\" data-firwl-text=\"Aviso de Privacidad\">PRIVACY NOTICE<\/h2>\n\t\t\t\t\t\t<\/div>\n\t\t\t\t\t<hr class=\"firwl-spacer-m\">\n\t\t\n\t<div class=\"wpb_text_column wpb_content_element\" >\n\t\t<div class=\"wpb_wrapper\">\n\t\t\t<p><span style=\"font-weight: 400;\">GRUPOBEIT is part of BUR\u00d3 MEXICANO DE CONSULTORES EN SEGURIDAD \nINFORM\u00c1TICA S.A. DE C.V. (hereinafter \"Bur\u00f3MC SEGURIDAD INFORM\u00c1TICA\") is a \ncompany specialized in the design and implementation of comprehensive \ncybersecurity solutions for the perimeter, backbone, and endpoint, always relying on \ncutting-edge technology and methods aimed at preventing and mitigating cyber \nthreats that could put its clients' IT assets and information at risk. \"Bur\u00f3MC \nSEGURIDAD INFORM\u00c1TICA\" has its registered office at Calle Carrillo Puerto #396, 3rd \nFloor, Colonia General Pedro Mar\u00eda Anaya, Alcald\u00eda Benito Ju\u00e1rez, Zip Code 03340, \nMexico City, Mexico. Telephone number (+52) 55 3626-6700 \/ 3626-6767. Website: \nhttp:\/\/www.buromc.com and https:\/\/grupobeit.com\/.<\/span> <span style=\"font-weight: 400;\">\u201cBur\u00f3MC SEGURIDAD INFORM\u00c1TICA\u201d tiene su domicilio fiscal en Calle Carrillo Puerto #396-Piso 3, Colonia General Pedro Mar\u00eda Anaya, Alcald\u00eda Benito Ju\u00e1rez, C.P. 03340, en la Ciudad de M\u00e9xico, M\u00e9xico, cuenta con n\u00famero telef\u00f3nico (+52) 55 3626-6700 \/ 3626-6767 y p\u00e1gina web:http:\/\/www.buromc.com y http:\/\/grupobeit.com\/.<\/span><\/p>\n<p><span style=\"font-weight: 400;\">For the purposes of this Privacy Notice, \"Bur\u00f3MC SEGURIDAD INFORM\u00c1TICA\" is \nresponsible for the collection, disclosure, storage, use, handling, utilization, transfer, \ndisposal, and protection of your Personal Data. In order to provide better service, \ncertainty, and security in the processing of your Personal Data, we apply privacy \nguidelines, policies, and procedures to protect this information, always keeping in \nmind that the integrity, privacy, health, and right to self-determination of the Data \nSubjects are of utmost importance.<\/span><\/p>\n<p><span style=\"font-weight: 400;\">In light of the foregoing, and given that your security and that of your Personal Data is \nour priority, we inform you that the Personal Data we obtain will be treated \nconfidentially through the use and maintenance of high technical, physical, and \nadministrative security measures, in order to prevent unauthorized third parties from \naccessing it and carrying out activities and\/or processing unauthorized by the Data \nSubject.<\/span><\/p>\n<p><span style=\"font-weight: 400;\">PERSONAL DATA PROCESSED BY \"Bur\u00f3MC SEGURIDAD INFORM\u00c1TICA\".<\/span><span style=\"font-weight: 400;\"><br \/>\n<\/span><span style=\"font-weight: 400;\"><br \/>\n<\/span><span style=\"font-weight: 400;\">IDENTIFICATION DATA: Information concerning a natural person that allows them to \nbe distinguished from others in a community, such as:<\/span><\/p>\n<p><span style=\"font-weight: 400;\">Last name.<\/span><\/p>\n<p><span style=\"font-weight: 400;\">Surname<\/span><\/p>\n<p><span style=\"font-weight: 400;\">Personal email address.<\/span><\/p>\n<p><span style=\"font-weight: 400;\">Contact telephone number.<\/span><\/p>\n<p><span style=\"font-weight: 400;\">EMPLOYMENT INFORMATION: Information relating to an individual regarding their employment, position, or commission:<\/span><span style=\"font-weight: 400;\"><br \/>\n<\/span><span style=\"font-weight: 400;\"><br \/>\n<\/span><span style=\"font-weight: 400;\">Name of the Company where they work.<\/span><\/p>\n<p><span style=\"font-weight: 400;\">Position or title.<\/span><\/p>\n<p><span style=\"font-weight: 400;\">Work address.<\/span><\/p>\n<p><span style=\"font-weight: 400;\">Work email.<\/span><\/p>\n<p><span style=\"font-weight: 400;\">Work phone number and extension.<\/span><\/p>\n<p><span style=\"font-weight: 400;\">2. THE PURPOSE OF COLLECTING AND PROCESSING YOUR PERSONAL DATA.<\/span><span style=\"font-weight: 400;\"><br \/>\n<\/span><span style=\"font-weight: 400;\"><br \/>\n<\/span><span style=\"font-weight: 400;\">For what purposes will we use your personal data? The personal data that we collect \nfrom you will be used for the following purposes that are necessary for the service you \nrequest or have contracted:<\/span><span style=\"font-weight: 400;\"><br \/>\n<\/span><span style=\"font-weight: 400;\"><br \/>\n<\/span><span style=\"font-weight: 400;\">To verify Identity<\/span><\/p>\n<p><span style=\"font-weight: 400;\">Comply with the contracted service levels.<\/span><\/p>\n<p><span style=\"font-weight: 400;\">Provide the services that have been contracted and requested by you.<\/span><\/p>\n<p><span style=\"font-weight: 400;\">Provide and\/or request the corresponding invoice for the purchase of equipment and\/or services.<\/span><\/p>\n<p><span style=\"font-weight: 400;\">Provide and\/or request the status of any pending payment(s).<\/span><\/p>\n<p><span style=\"font-weight: 400;\">Notify you of the receipt and\/or delivery of products and services.<\/span><\/p>\n<p><span style=\"font-weight: 400;\">Provide and\/or request the status regarding any purchase\/sale procedures.<\/span><span style=\"font-weight: 400;\"><br \/>\n<\/span><span style=\"font-weight: 400;\">Provide your data as commercial references (supplier and\/or customer) in cases of registrations with suppliers (manufacturers and\/or wholesalers), or bidding procedures.<\/span><\/p>\n<p><span style=\"font-weight: 400;\">Retain your information for compliance with legal requirements and requests from authorities and\/or regulatory entities.<\/span><\/p>\n<p><span style=\"font-weight: 400;\">Register projects with our manufacturers and wholesalers.<\/span><\/p>\n<p><span style=\"font-weight: 400;\">Provide and\/or request quotes for products and services provided by \"Bur\u00f3MC SEGURIDAD INFORM\u00c1TICA\".<\/span><\/p>\n<p><span style=\"font-weight: 400;\">Provide proactive and\/or reactive service from our support center via email, phone, remote, and\/or onsite assistance according to your request and urgency.<\/span><span style=\"font-weight: 400;\"><br \/>\n<\/span><span style=\"font-weight: 400;\">Request information about the status of your network infrastructure in order to identify vulnerabilities and provide possible solutions.<\/span><\/p>\n<p><span style=\"font-weight: 400;\">Assist with requests for the configuration and setup of equipment (hardware) and\/or programs (software) to optimize your network.<\/span><\/p>\n<p><span style=\"font-weight: 400;\">Keep the status, pending tasks, and other information of current and future projects up to date.<\/span><\/p>\n<p><span style=\"font-weight: 400;\">Propose network improvement projects based on international standards and best practices.<\/span><span style=\"font-weight: 400;\"><br \/>\n<\/span><span style=\"font-weight: 400;\"><br \/>\n<\/span><span style=\"font-weight: 400;\">Additionally, and as secondary purposes, we will use your personal information for the following purposes that are not necessary for the requested service but allow us to provide better service:<\/span><\/p>\n<p><span style=\"font-weight: 400;\">Offer you our products and services.<\/span><\/p>\n<p><span style=\"font-weight: 400;\">Offer or send you promotions and advertisements from \u201cBur\u00f3MC SEGURIDAD INFORM\u00c1TICA.\u201d<\/span><span style=\"font-weight: 400;\"><br \/>\n<\/span><span style=\"font-weight: 400;\">Understand your needs and preferences to be able to offer products and\/or services that fit them.<\/span><\/p>\n<p><span style=\"font-weight: 400;\">Establecer la comunicaci\u00f3n y contactarlo por los medios que Usted nos proporcion\u00f3 para tales fines.<\/span><span style=\"font-weight: 400;\"><br \/>\n<\/span><span style=\"font-weight: 400;\">Conduct marketing, market segmentation, and statistical studies.<\/span><span style=\"font-weight: 400;\"><br \/>\n<\/span><span style=\"font-weight: 400;\">Invite you to events organized and\/or sponsored by \u201cBur\u00f3MC SEGURIDAD INFORM\u00c1TICA.\u201d<\/span><\/p>\n<p><span style=\"font-weight: 400;\">Update our customer database.<\/span><\/p>\n<p><span style=\"font-weight: 400;\">Conduct surveys about service quality.<\/span><\/p>\n<p><span style=\"font-weight: 400;\">The means by which you may be invited to events and offered consulting products and services may be:<\/span><\/p>\n<p><span style=\"font-weight: 400;\">Email<\/span><\/p>\n<p><span style=\"font-weight: 400;\">Phone<\/span><\/p>\n<p><span style=\"font-weight: 400;\">Postal Service<\/span><\/p>\n<p><span style=\"font-weight: 400;\">Offer consulting services and products in Information Technologies.<\/span><\/p>\n<p><span style=\"font-weight: 400;\">Offer legal consulting services.<\/span><\/p>\n<p><span style=\"font-weight: 400;\">Request appointments to offer you our products and services in a personalized way, as well as to address your questions and requests.<\/span><\/p>\n<p><span style=\"font-weight: 400;\">Fulfillment of contractual obligations and\/or rights.<\/span><\/p>\n<p><span style=\"font-weight: 400;\">Keep you informed about changes to our services, products, and solutions, and evaluate the perceived quality.<\/span><\/p>\n<p><span style=\"font-weight: 400;\">3. MEANS BY WHICH \u201cBur\u00f3MC SEGURIDAD INFORM\u00c1TICA\u201d COLLECTS PERSONAL DATA<\/span><span style=\"font-weight: 400;\"><br \/>\n<\/span><span style=\"font-weight: 400;\"><br \/>\n<\/span><span style=\"font-weight: 400;\">\u201cBur\u00f3MC SEGURIDAD INFORM\u00c1TICA\u201d may collect your personal information through different sources, such as:<\/span><\/p>\n<p><span style=\"font-weight: 400;\">I. DIRECT: When you provide your personal data in person, through our website, social media, through forms and\/or by telephone to request or acquire any of the products or services provided by \u201cBur\u00f3MC SEGURIDAD INFORM\u00c1TICA.\u201d<\/span><span style=\"font-weight: 400;\"><br \/>\n<\/span><span style=\"font-weight: 400;\"><br \/>\n<\/span><span style=\"font-weight: 400;\">II. INDIRECT: When your information is provided through physical or electronic means or by other persons (in this case, the mere act of collecting your personal data does not imply that \u201cBur\u00f3MC SEGURIDAD INFORM\u00c1TICA\u201d will use it to promote its products or services). In the case of persons holding a government position, this may be through organizational charts published by the corresponding government agencies.<\/span><\/p>\n<p><span style=\"font-weight: 400;\">When the personal data are no longer necessary for the fulfillment of the purposes outlined in this privacy notice, \u201cBur\u00f3MC SEGURIDAD INFORM\u00c1TICA\u201d will proceed with their cancellation.<\/span><span style=\"font-weight: 400;\"><br \/>\n<\/span><span style=\"font-weight: 400;\"><br \/>\n<\/span><span style=\"font-weight: 400;\">4. TRANSFER OF PERSONAL DATA AND ITS PURPOSES<\/span><\/p>\n<p><span style=\"font-weight: 400;\">You are hereby informed that, based on Article 37 of the Federal Law on the Protection of Personal Data Held by Private Parties, \u201cBur\u00f3MC SEGURIDAD INFORM\u00c1TICA\u201d may transfer your personal data to third parties without obtaining your consent when any of the following circumstances apply:<\/span><\/p>\n<p><span style=\"font-weight: 400;\">It is provided for in a law or treaty to which Mexico is a party<\/span><\/p>\n<p><span style=\"font-weight: 400;\">It is necessary for medical prevention or diagnosis, the provision of health care, medical treatment, or the management of health services.<\/span><\/p>\n<p><span style=\"font-weight: 400;\">It is necessary by virtue of a contract entered into or to be entered into in your interest, by the data controller and a third party.<\/span><\/p>\n<p><span style=\"font-weight: 400;\">It is necessary or legally required for the safeguarding of a public interest, or for the procurement or administration of justice.<\/span><\/p>\n<p><span style=\"font-weight: 400;\">It is necessary for the recognition, exercise, or defense of a right in a judicial proceeding; and<\/span><span style=\"font-weight: 400;\"><br \/>\n<\/span><span style=\"font-weight: 400;\"><br \/>\n<\/span><span style=\"font-weight: 400;\">It is necessary for the maintenance or fulfillment of a legal relationship with \u201cBur\u00f3MC SEGURIDAD INFORM\u00c1TICA.\u201d<\/span><\/p>\n<p><span style=\"font-weight: 400;\">The data subject may object to the processing of their personal data.<\/span><span style=\"font-weight: 400;\"><br \/>\n<\/span><span style=\"font-weight: 400;\"><br \/>\n<\/span><span style=\"font-weight: 400;\">OPTIONS AND MEANS TO LIMIT THE USE OR DISCLOSURE OF YOUR PERSONAL DATA AND TO EXERCISE THE RIGHTS OF ACCESS, RECTIFICATION, CANCELLATION, AND OPPOSITION<\/span><\/p>\n<p><span style=\"font-weight: 400;\">How can you access, rectify, or cancel your personal data, or object to its use? You have the right to know what personal data we hold about you, what we use it for, and the conditions of its use (Access). Likewise, you have the right to request the correction of your personal information if it is not up to date, is inaccurate, or incomplete (Rectification); to request its removal from our records or databases when you consider it is not being used in accordance with the principles, duties, and obligations provided in the applicable regulations (Cancellation); as well as to object to the use of your personal data for specific purposes (Opposition). These rights are known as ARCO rights.<\/span><\/p>\n<p><span style=\"font-weight: 400;\">The personal data of the data subject will be kept strictly confidential, with their illegal disclosure prohibited, limiting their use by unauthorized third parties, and applying guidelines, policies, and privacy procedures to protect your information in accordance with this Privacy Notice.<\/span><span style=\"font-weight: 400;\"><br \/>\n<\/span><span style=\"font-weight: 400;\"><br \/>\n<\/span><span style=\"font-weight: 400;\">You have the right to access your personal data that we possess and to the details of how they are processed, as well as to rectify them if they are inaccurate or instruct us to cancel them when you consider they are excessive or unnecessary for the purposes that justified their collection, or to object to their processing for specific purposes.<\/span><\/p>\n<p><span style=\"font-weight: 400;\">At any time, you may revoke the consent you have given us for the processing of your personal data, so that we stop using them. If you wish to limit the use and\/or disclosure of your personal data, or exercise any of your rights of Access, Rectification, Cancellation, or Opposition (ARCO Rights), you or your duly accredited legal representative must contact the Personal Data Management Department, headed by Mr. Sergio Barranco Rodr\u00edguez (who has been designated by \u201cBur\u00f3MC SEGURIDAD INFORM\u00c1TICA\u201d as the Responsible Party for this department), through any of the following means:<\/span><\/p>\n<p><span style=\"font-weight: 400;\">Email: <\/span><a href=\"mailto:sbarranco@buromc.com\"><span style=\"font-weight: 400;\">sbarranco@buromc.com<\/span><\/a><\/p>\n<p><span style=\"font-weight: 400;\">Telephone number for calls within the country:  55-6270-7000 Ext. 310<\/span><\/p>\n<p><span style=\"font-weight: 400;\">Telephone for Mexico City and the Metropolitan Area: 6270-7000 Ext. 310<\/span><\/p>\n<p><span style=\"font-weight: 400;\">Address: Calle Carrillo Puerto #396-2nd Floor, Colonia General Pedro Mar\u00eda Anaya, Alcald\u00eda Benito Ju\u00e1rez, Postal Code 03340, Mexico City, Mexico.<\/span><\/p>\n<p><span style=\"font-weight: 400;\">Regardless of the means by which you contact Mr. Sergio Barranco Rodr\u00edguez, if you need to exercise any of your ARCO rights, you must submit a request with acknowledgment of receipt at the offices of \u201cBur\u00f3MC SEGURIDAD INFORM\u00c1TICA\u201d containing at least the following information:<\/span><\/p>\n<p><span style=\"font-weight: 400;\">Full name of the data subject, address, telephone number, and email address, so that we can communicate the response to your request.<\/span><\/p>\n<p><span style=\"font-weight: 400;\">Documents that prove the identity of the data subject or, if applicable, the legal representation of the data subject.<\/span><\/p>\n<p><span style=\"font-weight: 400;\">A clear, succinct, and precise description of what is being requested.<\/span><\/p>\n<p><span style=\"font-weight: 400;\">Any other element or document that may help us fulfill your request and\/or issue a response.<\/span><\/p>\n<p><span style=\"font-weight: 400;\">The period in which \u201cBur\u00f3MC SEGURIDAD INFORM\u00c1TICA\u201d will respond to your request is 20 business days after it is submitted. Likewise, \u201cBur\u00f3MC SEGURIDAD INFORM\u00c1TICA\u201d will adopt the necessary measures to comply with what is appropriate under the \u201cLFPDPPP\u201d within a period of 15 business days.<\/span><\/p>\n<p><span style=\"font-weight: 400;\">The days on which the aforementioned request may be submitted are Monday to Friday from 10:00 a.m. to 1:00 p.m. In the event of holidays, the request may be submitted at the offices of \u201cBur\u00f3MC SEGURIDAD INFORM\u00c1TICA\u201d on the following business day.<\/span><\/p>\n<p><span style=\"font-weight: 400;\">6. PROCEDURE AND MEANS BY WHICH DATA SUBJECTS WILL BE INFORMED OF CHANGES TO THIS PRIVACY NOTICE.<\/span><\/p>\n<p><span style=\"font-weight: 400;\">How can you learn about changes to this privacy notice?\nThis privacy notice may undergo modifications, changes, or updates resulting from new legal requirements; from our own needs due to the products or services we offer; from our privacy practices; from changes in our business model, or for other reasons.<\/span><\/p>\n<p><span style=\"font-weight: 400;\">We are committed to keeping you informed about any changes to this privacy notice. Any modification to this notice will be notified to you through the following means:<\/span><span style=\"font-weight: 400;\"><br \/>\n<\/span><span style=\"font-weight: 400;\"><br \/>\n<\/span><span style=\"font-weight: 400;\">Web Page: <\/span><a href=\"http:\/\/grupobeit.com\/en\/\"><span style=\"font-weight: 400;\">http:\/\/grupobeit.com\/<\/span><\/a><span style=\"font-weight: 400;\">\u00a0\u00a0\u00a0\u00a0<\/span><\/p>\n<p><span style=\"font-weight: 400;\">Additionally, any change in address, telephone number, or website will be published on the aforementioned website for ten calendar days prior to the effective date of the change.<\/span><span style=\"font-weight: 400;\"><br \/>\n<\/span><span style=\"font-weight: 400;\"><br \/>\n<\/span><span style=\"font-weight: 400;\">How can you revoke your consent for the use of your personal data?\nYou may revoke the consent that you have given us, if applicable, for the processing of your personal data. However, it is important that you consider that in some cases we may not be able to process your request or immediately cease the use of your data, as there may be a legal obligation for us to continue processing your personal data. Likewise, you should consider that, for certain purposes, the revocation of your consent may mean that we will no longer be able to provide you with the service you requested, or that the relationship with us may be terminated.<\/span><\/p>\n<p><span style=\"font-weight: 400;\">7. USE OF TRACKING TECHNOLOGIES ON OUR INTERNET PORTAL<\/span><span style=\"font-weight: 400;\"><br \/>\n<\/span><span style=\"font-weight: 400;\"><br \/>\n<\/span><span style=\"font-weight: 400;\">We inform you that on our website, we use cookies, web beacons, and other technologies through which it is possible to monitor your behavior as an Internet user, as well as to provide you with better service and a better browsing experience on our website.<\/span><span style=\"font-weight: 400;\"><br \/>\n<\/span><span style=\"font-weight: 400;\"><br \/>\n<\/span><span style=\"font-weight: 400;\">The personal data we obtain from these tracking technologies are as follows:<\/span><span style=\"font-weight: 400;\"><br \/>\n<\/span><span style=\"font-weight: 400;\"><br \/>\n<\/span><span style=\"font-weight: 400;\">Cookies: These are data files stored on the hard drive of the user\u2019s computer or electronic communications device when browsing a specific website. They allow the exchange of status information between that site and the user\u2019s browser. The status information can reveal session identifiers, authentication or user preferences, as well as any other data stored by the browser regarding the website.<\/span><\/p>\n<p><span style=\"font-weight: 400;\">Web beacons: These are visible or hidden images inserted within a website or email, which are used to monitor user behavior on these media. Through them, information can be obtained such as the originating IP address, the browser used, the operating system, the time of access to the page, and, in the case of email, the association of the aforementioned data with the recipient.<\/span><\/p>\n<p><span style=\"font-weight: 400;\">Opt-out list: This is a database intended to register, free of charge, those data subjects who do not want their information to be processed by the data controller for certain purposes, so that the data controller avoids such processing.<\/span><span style=\"font-weight: 400;\"><br \/>\n<\/span><span style=\"font-weight: 400;\"><br \/>\n<\/span><span style=\"font-weight: 400;\">LAST UPDATE: JANUARY 15, 2025<\/span><\/p>\n\n\t\t<\/div>\n\t<\/div>\n<\/div><\/div><\/div><\/div><\/div><\/div><\/div><div class=\"firwl-vc-row-container\" ><div data-vc-full-width=\"true\" data-vc-full-width-init=\"false\" class=\"vc_row firwl-stickycont wpb_row firwl-vc_row\"><div class=\"firwl-container__l firwl-rowcontainer-vc\"><div class=\"firwl-rowcontent\"><div class=\"wpb_column vc_column_container vc_col-sm-12\"><div class=\"vc_column-inner\"><div class=\"wpb_wrapper\"><\/div><\/div><\/div><\/div><\/div><\/div><\/div><div class=\"vc_row-full-width vc_clearfix\"><\/div>\n<\/div>","protected":false},"excerpt":{"rendered":"Aviso de Privacidad GRUPOBEIT forma parte de BUR\u00d3 MEXICANO DE CONSULTORES EN SEGURIDAD INFORM\u00c1TICA S.A. DE C.V. (En adelante \u201cBur\u00f3MC SEGURIDAD INFORM\u00c1TICA\u201d), es una Empresa especializada en el dise\u00f1o e implementaci\u00f3n de soluciones integrales de seguridad inform\u00e1tica para el per\u00edmetro, backbone y endpoint, apoy\u00e1ndose siempre en tecnolog\u00eda y m\u00e9todos de [...]","protected":false},"author":1,"featured_media":0,"parent":0,"menu_order":0,"comment_status":"closed","ping_status":"closed","template":"page-fullwidth.php","meta":{"_uag_custom_page_level_css":"","_monsterinsights_skip_tracking":false,"_monsterinsights_sitenote_active":false,"_monsterinsights_sitenote_note":"","_monsterinsights_sitenote_category":0,"footnotes":""},"class_list":["post-2464","page","type-page","status-publish","hentry"],"uagb_featured_image_src":{"full":false,"thumbnail":false,"medium":false,"medium_large":false,"large":false,"1536x1536":false,"2048x2048":false,"trp-custom-language-flag":false,"post-thumbnail":false,"firwl-squared-s":false,"firwl-squared-m":false,"firwl-card":false},"uagb_author_info":{"display_name":"admGrupoBeit","author_link":"https:\/\/grupobeit.com\/en\/author\/admgrupobeit\/"},"uagb_comment_info":0,"uagb_excerpt":null,"_links":{"self":[{"href":"https:\/\/grupobeit.com\/en\/wp-json\/wp\/v2\/pages\/2464","targetHints":{"allow":["GET"]}}],"collection":[{"href":"https:\/\/grupobeit.com\/en\/wp-json\/wp\/v2\/pages"}],"about":[{"href":"https:\/\/grupobeit.com\/en\/wp-json\/wp\/v2\/types\/page"}],"author":[{"embeddable":true,"href":"https:\/\/grupobeit.com\/en\/wp-json\/wp\/v2\/users\/1"}],"replies":[{"embeddable":true,"href":"https:\/\/grupobeit.com\/en\/wp-json\/wp\/v2\/comments?post=2464"}],"version-history":[{"count":5,"href":"https:\/\/grupobeit.com\/en\/wp-json\/wp\/v2\/pages\/2464\/revisions"}],"predecessor-version":[{"id":2470,"href":"https:\/\/grupobeit.com\/en\/wp-json\/wp\/v2\/pages\/2464\/revisions\/2470"}],"wp:attachment":[{"href":"https:\/\/grupobeit.com\/en\/wp-json\/wp\/v2\/media?parent=2464"}],"curies":[{"name":"wp","href":"https:\/\/api.w.org\/{rel}","templated":true}]}}