{"id":2567,"date":"2025-06-24T18:28:48","date_gmt":"2025-06-24T18:28:48","guid":{"rendered":"https:\/\/grupobeit.com\/?page_id=2567"},"modified":"2026-02-11T23:34:58","modified_gmt":"2026-02-11T23:34:58","slug":"contacto-fieldservices","status":"publish","type":"page","link":"https:\/\/grupobeit.com\/en\/contacto-fieldservices\/","title":{"rendered":"Field Services 2"},"content":{"rendered":"<div class=\"wp-block-columns alignfull is-layout-flex wp-container-core-columns-is-layout-9d6595d7 wp-block-columns-is-layout-flex\">\n<div class=\"wp-block-column is-layout-flow wp-block-column-is-layout-flow\" style=\"--d_t_p:5;--d_b_p:5;--d_l_p:5;--d_r_p:5\">\n<div class=\"wp-block-columns is-layout-flex wp-container-core-columns-is-layout-9d6595d7 wp-block-columns-is-layout-flex\">\n<div class=\"wp-block-column is-layout-flow wp-block-column-is-layout-flow\">\n<figure class=\"wp-block-image alignwide size-full\"><img loading=\"lazy\" decoding=\"async\" width=\"742\" height=\"768\" src=\"https:\/\/grupobeit.com\/wp-content\/uploads\/2026\/01\/6de61d02-2a9d-4ed5-a9b8-9bcfadaa6eec.png\" alt=\"\" class=\"wp-image-3117\" srcset=\"https:\/\/grupobeit.com\/wp-content\/uploads\/2026\/01\/6de61d02-2a9d-4ed5-a9b8-9bcfadaa6eec.png 742w, https:\/\/grupobeit.com\/wp-content\/uploads\/2026\/01\/6de61d02-2a9d-4ed5-a9b8-9bcfadaa6eec-12x12.png 12w\" sizes=\"auto, (max-width: 742px) 100vw, 742px\" \/><\/figure>\n<\/div>\n\n\n\n<div class=\"wp-block-column is-layout-flow wp-block-column-is-layout-flow\">\n<figure class=\"wp-block-image size-full is-resized\" id=\"useful-hint\"><img loading=\"lazy\" decoding=\"async\" width=\"589\" height=\"241\" src=\"https:\/\/grupobeit.com\/wp-content\/uploads\/2026\/01\/Titulo-Header.png\" alt=\"\" class=\"wp-image-3146\" style=\"aspect-ratio:2.4443091905051735;width:368px;height:auto\" srcset=\"https:\/\/grupobeit.com\/wp-content\/uploads\/2026\/01\/Titulo-Header.png 589w, https:\/\/grupobeit.com\/wp-content\/uploads\/2026\/01\/Titulo-Header-18x7.png 18w\" sizes=\"auto, (max-width: 589px) 100vw, 589px\" \/><\/figure>\n\n\n\n<div class=\"wp-block-contact-form-7-contact-form-selector\">\n<div class=\"wpcf7 no-js\" id=\"wpcf7-f3898-o1\" lang=\"es-MX\" dir=\"ltr\" data-wpcf7-id=\"3898\">\n<div class=\"screen-reader-response\"><p role=\"status\" aria-live=\"polite\" aria-atomic=\"true\"><\/p> <ul><\/ul><\/div>\n<form action=\"\/en\/wp-json\/wp\/v2\/pages\/2567#wpcf7-f3898-o1\" method=\"post\" class=\"wpcf7-form init\" aria-label=\"Formulario de contacto\" novalidate=\"novalidate\" data-status=\"init\" data-trp-original-action=\"\/en\/wp-json\/wp\/v2\/pages\/2567#wpcf7-f3898-o1\">\n<fieldset class=\"hidden-fields-container\"><input type=\"hidden\" name=\"_wpcf7\" value=\"3898\" \/><input type=\"hidden\" name=\"_wpcf7_version\" value=\"6.1.4\" \/><input type=\"hidden\" name=\"_wpcf7_locale\" value=\"es_MX\" \/><input type=\"hidden\" name=\"_wpcf7_unit_tag\" value=\"wpcf7-f3898-o1\" \/><input type=\"hidden\" name=\"_wpcf7_container_post\" value=\"0\" \/><input type=\"hidden\" name=\"_wpcf7_posted_data_hash\" value=\"\" \/>\n<\/fieldset>\n<div class=\"col-12 inputConsultoria\">\n\t<p><span class=\"wpcf7-form-control-wrap\" data-name=\"nombre\"><input size=\"40\" maxlength=\"400\" class=\"wpcf7-form-control wpcf7-text wpcf7-validates-as-required\" aria-required=\"true\" aria-invalid=\"false\" placeholder=\"First Name\" value=\"\" type=\"text\" name=\"nombre\" \/><\/span>\n\t<\/p>\n<\/div>\n<div class=\"col-12 inputConsultoria\">\n\t<p><span class=\"wpcf7-form-control-wrap\" data-name=\"empresa\"><input size=\"40\" maxlength=\"400\" class=\"wpcf7-form-control wpcf7-text wpcf7-validates-as-required\" aria-required=\"true\" aria-invalid=\"false\" placeholder=\"Position\" value=\"\" type=\"text\" name=\"empresa\" \/><\/span>\n\t<\/p>\n<\/div>\n<div class=\"col-12 inputConsultoria\">\n\t<p><span class=\"wpcf7-form-control-wrap\" data-name=\"puesto\"><input size=\"40\" maxlength=\"400\" class=\"wpcf7-form-control wpcf7-text wpcf7-validates-as-required\" aria-required=\"true\" aria-invalid=\"false\" placeholder=\"Correo electr\u00f3nico\" value=\"\" type=\"text\" name=\"puesto\" \/><\/span>\n\t<\/p>\n<\/div>\n<div class=\"col-12 inputConsultoria\">\n\t<p><span class=\"wpcf7-form-control-wrap\" data-name=\"movil\"><input size=\"40\" maxlength=\"400\" class=\"wpcf7-form-control wpcf7-text wpcf7-validates-as-required\" aria-required=\"true\" aria-invalid=\"false\" placeholder=\"Mobile\" value=\"\" type=\"text\" name=\"movil\" \/><\/span>\n\t<\/p>\n<\/div>\n<div class=\"col-12 inputConsultoria\">\n\t<p><span class=\"wpcf7-form-control-wrap\" data-name=\"puesto\"><input size=\"40\" maxlength=\"400\" class=\"wpcf7-form-control wpcf7-text wpcf7-validates-as-required\" aria-required=\"true\" aria-invalid=\"false\" placeholder=\"Company\" value=\"\" type=\"text\" name=\"puesto\" \/><\/span>\n\t<\/p>\n<\/div>\n<div class=\"col-12 inputConsultoria\">\n\t<p><span class=\"wpcf7-form-control-wrap\" data-name=\"Mensaje\"><textarea cols=\"40\" rows=\"10\" maxlength=\"2000\" class=\"wpcf7-form-control wpcf7-textarea wpcf7-validates-as-required\" aria-required=\"true\" aria-invalid=\"false\" placeholder=\"Message\" name=\"Mensaje\"><\/textarea><\/span>\n\t<\/p>\n<\/div>\n<div class=\"col-12 inputConsultoria\">\n\t<p><input class=\"wpcf7-form-control wpcf7-submit has-spinner btn-envio col-12\" type=\"submit\" value=\"Submit\" \/>\n\t<\/p>\n<\/div><div class=\"wpcf7-response-output\" aria-hidden=\"true\"><\/div>\n<input type=\"hidden\" name=\"trp-form-language\" value=\"en\"\/><\/form>\n<\/div>\n<\/div>\n<\/div>\n<\/div>\n<\/div>\n<\/div>\n\n\n\n<div class=\"wp-block-columns alignfull is-layout-flex wp-container-core-columns-is-layout-9d6595d7 wp-block-columns-is-layout-flex\">\n<div class=\"wp-block-column is-layout-flow wp-block-column-is-layout-flow\" style=\"flex-basis:33.33%\"><div class=\"wp-block-image\">\n<figure class=\"alignleft size-full\"><img loading=\"lazy\" decoding=\"async\" width=\"536\" height=\"158\" src=\"https:\/\/grupobeit.com\/wp-content\/uploads\/2025\/07\/Captura-de-pantalla-2025-07-16-a-las-17.34.05.png\" alt=\"\" class=\"wp-image-2740\" srcset=\"https:\/\/grupobeit.com\/wp-content\/uploads\/2025\/07\/Captura-de-pantalla-2025-07-16-a-las-17.34.05.png 536w, https:\/\/grupobeit.com\/wp-content\/uploads\/2025\/07\/Captura-de-pantalla-2025-07-16-a-las-17.34.05-18x5.png 18w\" sizes=\"auto, (max-width: 536px) 100vw, 536px\" \/><\/figure>\n<\/div><\/div>\n\n\n\n<div class=\"wp-block-column is-layout-flow wp-block-column-is-layout-flow\" style=\"flex-basis:66.66%\"><\/div>\n<\/div>\n\n\n\n<div class=\"wp-block-cover alignfull\" style=\"--d_t_p:5;--d_b_p:5;--d_l_p:5;--d_r_p:5\" id=\"Long\"><span aria-hidden=\"true\" class=\"wp-block-cover__background has-background-dim-100 has-background-dim\" style=\"background-color:#00555e\"><\/span><div class=\"wp-block-cover__inner-container is-layout-constrained wp-block-cover-is-layout-constrained\">\n<h2 class=\"wp-block-heading has-text-align-center has-large-font-size\" id=\"que-es-fieldservices\" style=\"font-style:normal;font-weight:500\">What is Field Services 2.0?<\/h2>\n\n\n\n<p class=\"has-text-align-center\"><p class=\"has-text-align-center\" width=\"80%\">We provide expert cybersecurity technical personnel to meet your IT support needs. We provide fast and efficient responses that ensure operational continuity, minimizing risks and downtime, and avoiding permanent staff costs for your company.<\/p><\/p>\n\n\n\n<h2 class=\"wp-block-heading has-text-align-center has-large-font-size\" style=\"font-style:normal;font-weight:500\">24\/7<\/h2>\n\n\n\n<p class=\"has-text-align-center\">365 days a year<br>Service available at all times<\/p>\n<\/div><\/div>\n\n\n\n<h2 class=\"wp-block-heading has-white-color has-text-color has-link-color wp-elements-78daa73829f315a980336aba63a03f4f\" id=\"case-sensitive\">useful-hint<\/h2>\n\n\n\n<h2 class=\"wp-block-heading has-text-align-center has-text-color has-link-color has-large-font-size wp-elements-6b568ef39c81fe992aea46c3121e1a2f\" id=\"useful-hint\" style=\"color:#0e9d98;font-style:normal;font-weight:500\">IT Asset Management<\/h2>\n\n\n\n<p class=\"has-text-align-center\">The Service Desk optimizes requests with advanced technology, ensuring compliance with SLAs and improving efficiency and security for businesses and governments.<\/p>\n\n\n\n<div class=\"wp-block-columns are-vertically-aligned-center is-layout-flex wp-container-core-columns-is-layout-9d6595d7 wp-block-columns-is-layout-flex\">\n<div class=\"wp-block-column is-vertically-aligned-center is-layout-flow wp-block-column-is-layout-flow\" id=\"Poop\"><div class=\"wp-block-image\">\n<figure class=\"aligncenter size-thumbnail\"><img loading=\"lazy\" decoding=\"async\" width=\"150\" height=\"150\" src=\"https:\/\/grupobeit.com\/wp-content\/uploads\/2025\/06\/Captura-de-pantalla-2025-06-24-a-las-10.58.23-150x150.png\" alt=\"\" class=\"wp-image-2575\" srcset=\"https:\/\/grupobeit.com\/wp-content\/uploads\/2025\/06\/Captura-de-pantalla-2025-06-24-a-las-10.58.23-150x150.png 150w, https:\/\/grupobeit.com\/wp-content\/uploads\/2025\/06\/Captura-de-pantalla-2025-06-24-a-las-10.58.23-11x12.png 11w, https:\/\/grupobeit.com\/wp-content\/uploads\/2025\/06\/Captura-de-pantalla-2025-06-24-a-las-10.58.23-100x100.png 100w, https:\/\/grupobeit.com\/wp-content\/uploads\/2025\/06\/Captura-de-pantalla-2025-06-24-a-las-10.58.23-370x370.png 370w\" sizes=\"auto, (max-width: 150px) 100vw, 150px\" \/><\/figure>\n<\/div><\/div>\n\n\n\n<div class=\"wp-block-column is-vertically-aligned-center is-layout-flow wp-block-column-is-layout-flow\"><div class=\"wp-block-image\">\n<figure class=\"aligncenter size-thumbnail\"><img loading=\"lazy\" decoding=\"async\" width=\"150\" height=\"150\" src=\"https:\/\/grupobeit.com\/wp-content\/uploads\/2025\/07\/NOC-1-150x150.png\" alt=\"\" class=\"wp-image-2800\" srcset=\"https:\/\/grupobeit.com\/wp-content\/uploads\/2025\/07\/NOC-1-150x150.png 150w, https:\/\/grupobeit.com\/wp-content\/uploads\/2025\/07\/NOC-1-12x12.png 12w, https:\/\/grupobeit.com\/wp-content\/uploads\/2025\/07\/NOC-1-100x100.png 100w, https:\/\/grupobeit.com\/wp-content\/uploads\/2025\/07\/NOC-1-370x370.png 370w, https:\/\/grupobeit.com\/wp-content\/uploads\/2025\/07\/NOC-1.png 640w\" sizes=\"auto, (max-width: 150px) 100vw, 150px\" \/><\/figure>\n<\/div><\/div>\n<\/div>\n\n\n\n<h2 class=\"wp-block-heading has-text-align-center has-text-color has-link-color has-large-font-size wp-elements-898854ccf3303b0069d6661bd9e990bf\" style=\"color:#0e9d98;font-style:normal;font-weight:500\">SPECIALIZED SOLUTION FIELD SERVICES 2.0<\/h2>\n\n\n\n<p class=\"has-text-align-center\">Learn step by step how it works:<\/p>\n\n\n\n<figure class=\"wp-block-image size-full\"><img loading=\"lazy\" decoding=\"async\" width=\"1450\" height=\"644\" src=\"https:\/\/grupobeit.com\/wp-content\/uploads\/2025\/06\/Captura-de-pantalla-2025-06-24-a-las-11.02.49.png\" alt=\"\" class=\"wp-image-2577\"\/><\/figure>\n\n\n\n<h2 class=\"wp-block-heading has-text-align-center has-text-color has-link-color has-large-font-size wp-elements-0559ce9254883c4dae426087d02ae6f8\" style=\"color:#0e9d98;font-style:normal;font-weight:500\">COMPARISON WITH TRADITIONAL FIELD SERVICES<\/h2>\n\n\n\n<figure class=\"wp-block-image size-large\"><img loading=\"lazy\" decoding=\"async\" width=\"1170\" height=\"929\" src=\"https:\/\/grupobeit.com\/wp-content\/uploads\/2019\/05\/Frame_217_en.png\" alt=\"\" class=\"wp-image-2578\" srcset=\"https:\/\/grupobeit.com\/wp-content\/uploads\/2019\/05\/Frame_217_en.png 1252w, https:\/\/grupobeit.com\/wp-content\/uploads\/2019\/05\/Frame_217_en-770x611.png 770w, https:\/\/grupobeit.com\/wp-content\/uploads\/2019\/05\/Frame_217_en-1170x929.png 1170w, https:\/\/grupobeit.com\/wp-content\/uploads\/2019\/05\/Frame_217_en-768x610.png 768w, https:\/\/grupobeit.com\/wp-content\/uploads\/2019\/05\/Frame_217_en-15x12.png 15w\" sizes=\"auto, (max-width: 1170px) 100vw, 1170px\" \/><\/figure>\n\n\n<p><!-- \/wp:post-content --><br \/>\n<!-- wp:buttons {\"layout\":{\"type\":\"flex\",\"justifyContent\":\"center\"}} --><\/p>\n<div class=\"wp-block-buttons\">\n<div class=\"wp-block-button, botones-hero\" ><a class=\"wp-block-button__link has-background wp-element-button\" href=\"#Up\"  style=\"background:linear-gradient(135deg,rgb(11,79,163) 0%,rgb(30,136,201) 51%,rgb(72,198,216) 100%)\", border-radius:100px; background:linear-gradient(135deg,rgb(11,79,163) 0%,rgb(30,136,201) 51%,rgb(72,198,216) 100%)>QUIERO COTIZAR<\/a><\/div>\n<\/div>\n<p><!-- \/wp:buttons --><\/p>\n<p><!-- wp:heading {\"textAlign\":\"center\",\"style\":{\"color\":{\"text\":\"#0e9d98\"},\"elements\":{\"link\":{\"color\":{\"text\":\"#0e9d98\"}}},\"typography\":{\"fontStyle\":\"normal\",\"fontWeight\":\"500\"}},\"fontSize\":\"large\"} --><\/p>\n<h2 class=\"wp-block-heading has-text-align-center has-text-color has-link-color has-large-font-size\" style=\"color:#0e9d98;font-style:normal;font-weight:500\">WE PROVIDE A HIGH VALUE SERVICE TO ORGANIZATIONS<\/h2>\n<p><!-- \/wp:heading --><\/p>\n<p><!-- wp:paragraph {\"align\":\"center\"} --><\/p>\n<p class=\"has-text-align-center\">Bur\u00f3MC takes as a reference the NIST CyberSecurity Framework (CSF) model, along with the most important international frameworks in cybersecurity.<\/p>\n<p><!-- \/wp:paragraph --><\/p>\n<p><!-- wp:image {\"id\":2580,\"sizeSlug\":\"full\",\"linkDestination\":\"none\"} --><\/p>\n<figure class=\"wp-block-image size-full\"><img loading=\"lazy\" decoding=\"async\" width=\"841\" height=\"290\" src=\"https:\/\/grupobeit.com\/wp-content\/uploads\/2019\/05\/dd-scaled.png\" alt=\"\" class=\"wp-image-2580\" srcset=\"https:\/\/grupobeit.com\/wp-content\/uploads\/2019\/05\/dd-scaled.png 2560w, https:\/\/grupobeit.com\/wp-content\/uploads\/2019\/05\/dd-770x265.png 770w, https:\/\/grupobeit.com\/wp-content\/uploads\/2019\/05\/dd-1170x403.png 1170w, https:\/\/grupobeit.com\/wp-content\/uploads\/2019\/05\/dd-768x264.png 768w, https:\/\/grupobeit.com\/wp-content\/uploads\/2019\/05\/dd-1536x529.png 1536w, https:\/\/grupobeit.com\/wp-content\/uploads\/2019\/05\/dd-2048x705.png 2048w, https:\/\/grupobeit.com\/wp-content\/uploads\/2019\/05\/dd-18x6.png 18w\" sizes=\"auto, (max-width: 841px) 100vw, 841px\" \/><\/figure>\n<p><!-- \/wp:image --><\/p>\n<p><!-- wp:heading {\"textAlign\":\"center\",\"style\":{\"color\":{\"text\":\"#0e9d98\"},\"elements\":{\"link\":{\"color\":{\"text\":\"#0e9d98\"}}},\"typography\":{\"fontStyle\":\"normal\",\"fontWeight\":\"500\"}},\"fontSize\":\"medium\"} --><\/p>\n<h2 class=\"wp-block-heading has-text-align-center has-text-color has-link-color has-medium-font-size\" style=\"color:#0e9d98;font-style:normal;font-weight:500\">1. Leave us your data<\/h2>\n<p><!-- \/wp:heading --><\/p>\n<p><!-- wp:paragraph {\"align\":\"center\"} --><\/p>\n<p class=\"has-text-align-center\">Complete the form<\/p>\n<p><!-- \/wp:paragraph --><\/p>\n<p><!-- wp:heading {\"textAlign\":\"center\",\"style\":{\"color\":{\"text\":\"#0e9d98\"},\"elements\":{\"link\":{\"color\":{\"text\":\"#0e9d98\"}}},\"typography\":{\"fontStyle\":\"normal\",\"fontWeight\":\"500\"}},\"fontSize\":\"medium\"} --><\/p>\n<h2 class=\"wp-block-heading has-text-align-center has-text-color has-link-color has-medium-font-size\" style=\"color:#0e9d98;font-style:normal;font-weight:500\">2. We contact you quickly<\/h2>\n<p><!-- \/wp:heading --><\/p>\n<p><!-- wp:paragraph {\"align\":\"center\"} --><\/p>\n<p class=\"has-text-align-center\">One of our advisors will contact you.<\/p>\n<p><!-- \/wp:paragraph --><\/p>\n<p><!-- wp:heading {\"textAlign\":\"center\",\"style\":{\"color\":{\"text\":\"#0e9d98\"},\"elements\":{\"link\":{\"color\":{\"text\":\"#0e9d98\"}}},\"typography\":{\"fontStyle\":\"normal\",\"fontWeight\":\"500\"}},\"fontSize\":\"medium\"} --><\/p>\n<h2 class=\"wp-block-heading has-text-align-center has-text-color has-link-color has-medium-font-size\" style=\"color:#0e9d98;font-style:normal;font-weight:500\">3. Start enjoying the service<\/h2>\n<p><!-- \/wp:heading --><\/p>\n<p><!-- wp:paragraph {\"align\":\"center\"} --><\/p>\n<p class=\"has-text-align-center\">Receive the personalized attention you need and access all the benefits of our service.<\/p>\n<p><!-- \/wp:paragraph --><\/p>\n<p><!-- \/wp:buttons --><br \/>\n<!-- wp:buttons {\"layout\":{\"type\":\"flex\",\"justifyContent\":\"center\"}} --><\/p>\n<div class=\"wp-block-buttons\">\n<div class=\"wp-block-button, botones-hero\" ><a class=\"wp-block-button__link has-background wp-element-button\" href=\"#Up\"  style=\"background:linear-gradient(135deg,rgb(11,79,163) 0%,rgb(30,136,201) 51%,rgb(72,198,216) 100%)\", border-radius:100px; background:linear-gradient(135deg,rgb(11,79,163) 0%,rgb(30,136,201) 51%,rgb(72,198,216) 100%)>QUIERO COTIZAR<\/a><\/div>\n<\/div>\n<p><!-- \/wp:buttons --><\/p>","protected":false},"excerpt":{"rendered":"<p>useful-hint GESTI\u00d3N INTEGRAL TI La Mesa de Servicio, optimiza solicitudes con tecnolog\u00eda avanzada, garantizando el cumplimiento de SLA\u2019s y mejorando la eficiencia y seguridad en empresas y gobiernos. SOLUCI\u00d3N ESPECIALIZADA FIELD SERVICES 2.0 Conoce paso a paso c\u00f3mo funciona: COMPARACI\u00d3N CON FIELD SERVICES TRADICIONAL QUIERO COTIZAR BRINDAMOS UN SERVICIO DE ...<\/p>","protected":false},"author":1,"featured_media":0,"parent":0,"menu_order":0,"comment_status":"closed","ping_status":"closed","template":"","meta":{"_uag_custom_page_level_css":"","_monsterinsights_skip_tracking":false,"_monsterinsights_sitenote_active":false,"_monsterinsights_sitenote_note":"","_monsterinsights_sitenote_category":0,"footnotes":""},"class_list":["post-2567","page","type-page","status-publish","hentry"],"uagb_featured_image_src":{"full":false,"thumbnail":false,"medium":false,"medium_large":false,"large":false,"1536x1536":false,"2048x2048":false,"trp-custom-language-flag":false,"post-thumbnail":false,"firwl-squared-s":false,"firwl-squared-m":false,"firwl-card":false},"uagb_author_info":{"display_name":"admGrupoBeit","author_link":"https:\/\/grupobeit.com\/en\/author\/admgrupobeit\/"},"uagb_comment_info":0,"uagb_excerpt":"useful-hint GESTI\u00d3N INTEGRAL TI La Mesa de Servicio, optimiza solicitudes con tecnolog\u00eda avanzada, garantizando el cumplimiento de SLA\u2019s y mejorando la eficiencia y seguridad en empresas y gobiernos. SOLUCI\u00d3N ESPECIALIZADA FIELD SERVICES 2.0 Conoce paso a paso c\u00f3mo funciona: COMPARACI\u00d3N CON FIELD SERVICES TRADICIONAL QUIERO COTIZAR BRINDAMOS UN SERVICIO DE [...]","_links":{"self":[{"href":"https:\/\/grupobeit.com\/en\/wp-json\/wp\/v2\/pages\/2567","targetHints":{"allow":["GET"]}}],"collection":[{"href":"https:\/\/grupobeit.com\/en\/wp-json\/wp\/v2\/pages"}],"about":[{"href":"https:\/\/grupobeit.com\/en\/wp-json\/wp\/v2\/types\/page"}],"author":[{"embeddable":true,"href":"https:\/\/grupobeit.com\/en\/wp-json\/wp\/v2\/users\/1"}],"replies":[{"embeddable":true,"href":"https:\/\/grupobeit.com\/en\/wp-json\/wp\/v2\/comments?post=2567"}],"version-history":[{"count":97,"href":"https:\/\/grupobeit.com\/en\/wp-json\/wp\/v2\/pages\/2567\/revisions"}],"predecessor-version":[{"id":3899,"href":"https:\/\/grupobeit.com\/en\/wp-json\/wp\/v2\/pages\/2567\/revisions\/3899"}],"wp:attachment":[{"href":"https:\/\/grupobeit.com\/en\/wp-json\/wp\/v2\/media?parent=2567"}],"curies":[{"name":"wp","href":"https:\/\/api.w.org\/{rel}","templated":true}]}}