{"id":4087,"date":"2026-03-20T17:11:19","date_gmt":"2026-03-20T17:11:19","guid":{"rendered":"https:\/\/grupobeit.com\/?page_id=4087"},"modified":"2026-03-31T01:24:35","modified_gmt":"2026-03-31T01:24:35","slug":"smartbits","status":"publish","type":"page","link":"https:\/\/grupobeit.com\/en\/soluciones\/smartbits\/","title":{"rendered":"SmartBits"},"content":{"rendered":"<div class=\"wpb-content-wrapper\"><div class=\"firwl-vc-row-container\" ><div data-vc-full-width=\"true\" data-vc-full-width-init=\"false\" data-vc-stretch-content=\"true\" class=\"vc_row firwl-stickycont wpb_row firwl-vc_row vc_custom_1774026891433 vc_row-has-fill vc_column-gap-10\"><div class=\"firwl-container__l firwl-rowcontainer-vc\"><div class=\"firwl-rowcontent\"><div class=\"wpb_column vc_column_container vc_col-sm-6\"><div class=\"vc_column-inner\"><div class=\"wpb_wrapper\">\n\t<div class=\"wpb_text_column wpb_content_element white\" >\n\t\t<div class=\"wpb_wrapper\">\n\t\t\t<h1><strong><span class=\"text-o-color-4\">SMART BITS<\/span><\/strong><\/h1>\n<h2><span class=\"text-o-color-4\"><strong>Ciberseguridad a Medida con IA, modular y escalable<\/strong><\/span><\/h2>\n<p><span class=\"text-o-color-4\"><strong>Protegiendo el \u00e9xito de tu empresa<\/strong><\/span><\/p>\n<p><span class=\"text-o-color-3\"><strong>GrupoBeIT<\/strong>, con sus marcas especializadas Bur\u00f3MC Seguridad Inform\u00e1tica y Elit Infrastructure Services, cuenta con un portafolio de soluciones integrales en tecnolog\u00eda y ciberseguridad, personal altamente calificado, procesos alineados a est\u00e1ndares internacionales, mesa de servicio certificada en <strong>ISO 20000<\/strong> y <strong>27001<\/strong> y tecnolog\u00eda avanzada, lo que nos permite entregar servicios confiables y proactivos para la gesti\u00f3n de riesgos y resiliencia organizacional.<\/span><\/p>\n\n\t\t<\/div>\n\t<\/div>\n<\/div><\/div><\/div><div class=\"form wpb_column vc_column_container vc_col-sm-4\" id=\"cta\"><div class=\"vc_column-inner\"><div class=\"wpb_wrapper\">\n<div class=\"wpcf7 no-js\" id=\"wpcf7-f4084-o1\" lang=\"es-MX\" dir=\"ltr\" data-wpcf7-id=\"4084\">\n<div class=\"screen-reader-response\"><p role=\"status\" aria-live=\"polite\" aria-atomic=\"true\"><\/p> <ul><\/ul><\/div>\n<form action=\"\/en\/wp-json\/wp\/v2\/pages\/4087#wpcf7-f4084-o1\" method=\"post\" class=\"wpcf7-form init\" aria-label=\"Formulario de contacto\" novalidate=\"novalidate\" data-status=\"init\" data-trp-original-action=\"\/en\/wp-json\/wp\/v2\/pages\/4087#wpcf7-f4084-o1\">\n<fieldset class=\"hidden-fields-container\"><input type=\"hidden\" name=\"_wpcf7\" value=\"4084\" \/><input type=\"hidden\" name=\"_wpcf7_version\" value=\"6.1.4\" \/><input type=\"hidden\" name=\"_wpcf7_locale\" value=\"es_MX\" \/><input type=\"hidden\" name=\"_wpcf7_unit_tag\" value=\"wpcf7-f4084-o1\" \/><input type=\"hidden\" name=\"_wpcf7_container_post\" value=\"0\" \/><input type=\"hidden\" name=\"_wpcf7_posted_data_hash\" value=\"\" \/>\n<\/fieldset>\n<div class=\"col-12 inputConsultoria\">\n\t<p><label>First Name<span class=\"wpcf7-form-control-wrap\" data-name=\"nombre\"><input size=\"40\" maxlength=\"400\" class=\"wpcf7-form-control wpcf7-text wpcf7-validates-as-required\" autocomplete=\"name\" aria-required=\"true\" aria-invalid=\"false\" value=\"\" type=\"text\" name=\"nombre\" \/><\/span><\/label>\n\t<\/p>\n<\/div>\n<div class=\"col-12 inputConsultoria\">\n\t<p><label>Puesto o cargo<span class=\"wpcf7-form-control-wrap\" data-name=\"puesto\"><input size=\"40\" maxlength=\"400\" class=\"wpcf7-form-control wpcf7-text\" aria-invalid=\"false\" value=\"\" type=\"text\" name=\"puesto\" \/><\/span><\/label>\n\t<\/p>\n<\/div>\n<div class=\"col-12 inputConsultoria\">\n\t<p><label>Company<span class=\"wpcf7-form-control-wrap\" data-name=\"empresa\"><input size=\"40\" maxlength=\"400\" class=\"wpcf7-form-control wpcf7-text\" aria-invalid=\"false\" value=\"\" type=\"text\" name=\"empresa\" \/><\/span><\/label>\n\t<\/p>\n<\/div>\n<div class=\"col-12 inputConsultoria\">\n\t<p><label>Correo electr\u00f3nico<span class=\"wpcf7-form-control-wrap\" data-name=\"email\"><input size=\"40\" maxlength=\"400\" class=\"wpcf7-form-control wpcf7-email wpcf7-validates-as-required wpcf7-text wpcf7-validates-as-email\" autocomplete=\"email\" aria-required=\"true\" aria-invalid=\"false\" value=\"\" type=\"email\" name=\"email\" \/><\/span><\/label>\n\t<\/p>\n<\/div>\n<div class=\"col-12 inputConsultoria\">\n\t<p><label>Tel\u00e9fono<span class=\"wpcf7-form-control-wrap\" data-name=\"telefono\"><input size=\"40\" maxlength=\"400\" class=\"wpcf7-form-control wpcf7-text wpcf7-validates-as-required\" aria-required=\"true\" aria-invalid=\"false\" placeholder=\"Incluye la clave Lada\" value=\"\" type=\"text\" name=\"telefono\" \/><\/span><\/label>\n\t<\/p>\n<\/div>\n<input class=\"wpcf7-form-control wpcf7-hidden\" value=\"SmartBits\" type=\"hidden\" name=\"url\" \/>\n<div class=\"col-12 inputConsultoria\">\n\t<p><input class=\"wpcf7-form-control wpcf7-submit has-spinner btn-envio col-12\" type=\"submit\" value=\"Solicitar asesor\u00eda\" \/>\n\t<\/p>\n<\/div><div class=\"wpcf7-response-output\" aria-hidden=\"true\"><\/div>\n<input type=\"hidden\" name=\"trp-form-language\" value=\"en\"\/><\/form>\n<\/div>\n<\/div><\/div><\/div><\/div><\/div><\/div><\/div><div class=\"vc_row-full-width vc_clearfix\"><\/div><div class=\"firwl-vc-row-container\" ><div data-vc-full-width=\"true\" data-vc-full-width-init=\"false\" data-vc-stretch-content=\"true\" class=\"vc_row firwl-stickycont wpb_row firwl-vc_row vc_custom_1774027076593 vc_row-has-fill\"><div class=\"firwl-container__l firwl-rowcontainer-vc\"><div class=\"firwl-rowcontent\"><div class=\"wpb_column vc_column_container vc_col-sm-6\"><div class=\"vc_column-inner\"><div class=\"wpb_wrapper\">\n\t<div class=\"wpb_text_column wpb_content_element white\" >\n\t\t<div class=\"wpb_wrapper\">\n\t\t\t<p><strong>Cuida la operaci\u00f3n, datos sensibles y la continuidad de tu negocio con Smart Bits, un servicio ideal para empresas que buscan reducir riesgos, cumplir normativas y operar con seguridad.<\/strong><\/p>\n<p>En un entorno digital donde los ciberataques, el ransomware y la fuga de informaci\u00f3n son cada vez m\u00e1s frecuentes, las amenazas cibern\u00e9ticas son una realidad creciente que afecta a negocios de todos los tama\u00f1os e industrias.<\/p>\n<p>Smart Bits combina la mejor tecnolog\u00eda, servicios gestionados y modelos flexibles de contrataci\u00f3n para que tu empresa pueda protegerse hoy y prepararse para el futuro.<\/p>\n\n\t\t<\/div>\n\t<\/div>\n<\/div><\/div><\/div><div class=\"wpb_column vc_column_container vc_col-sm-6\"><div class=\"vc_column-inner\"><div class=\"wpb_wrapper\"><\/div><\/div><\/div><\/div><\/div><\/div><\/div><div class=\"vc_row-full-width vc_clearfix\"><\/div><div class=\"firwl-vc-row-container\" ><div class=\"vc_row firwl-stickycont wpb_row firwl-vc_row vc_custom_1774027261438\"><div class=\"firwl-container__l firwl-rowcontainer-vc\"><div class=\"firwl-rowcontent\"><div class=\"wpb_column vc_column_container vc_col-sm-12\"><div class=\"vc_column-inner\"><div class=\"wpb_wrapper\">\n\t<div class=\"wpb_text_column wpb_content_element\" >\n\t\t<div class=\"wpb_wrapper\">\n\t\t\t<h2 style=\"text-align: center;\"><span style=\"color: #00555e;\">PRINCIPALES RETOS QUE RESOLVEMOS<\/span><\/h2>\n\n\t\t<\/div>\n\t<\/div>\n<div class=\"vc_row wpb_row vc_inner firwl-vc_row text-icon\"><div class=\"firwl-rowcontainer-vc\"><div class=\"firwl-rowcontent\"><div class=\"wpb_column vc_column_container vc_col-sm-1\/5\"><div class=\"vc_column-inner\"><div class=\"wpb_wrapper\">\n\t<div  class=\"wpb_single_image wpb_content_element vc_align_center wpb_content_element\">\n\t\t\n\t\t<figure class=\"wpb_wrapper vc_figure\">\n\t\t\t<div class=\"vc_single_image-wrapper   vc_box_border_grey\"><img loading=\"lazy\" decoding=\"async\" width=\"150\" height=\"150\" src=\"https:\/\/grupobeit.com\/wp-content\/uploads\/2026\/02\/Captura-de-pantalla-2026-02-19-a-las-10.47.00-a.m-150x150.png\" class=\"vc_single_image-img attachment-thumbnail\" alt=\"\" title=\"Captura de pantalla 2026-02-19 a la(s) 10.47.00\u202fa.m.\" srcset=\"https:\/\/grupobeit.com\/wp-content\/uploads\/2026\/02\/Captura-de-pantalla-2026-02-19-a-las-10.47.00-a.m-150x150.png 150w, https:\/\/grupobeit.com\/wp-content\/uploads\/2026\/02\/Captura-de-pantalla-2026-02-19-a-las-10.47.00-a.m-12x12.png 12w, https:\/\/grupobeit.com\/wp-content\/uploads\/2026\/02\/Captura-de-pantalla-2026-02-19-a-las-10.47.00-a.m-100x100.png 100w, https:\/\/grupobeit.com\/wp-content\/uploads\/2026\/02\/Captura-de-pantalla-2026-02-19-a-las-10.47.00-a.m.png 202w\" sizes=\"auto, (max-width: 150px) 100vw, 150px\" \/><\/div>\n\t\t<\/figure>\n\t<\/div>\n\n\t<div class=\"wpb_text_column wpb_content_element\" >\n\t\t<div class=\"wpb_wrapper\">\n\t\t\t<p style=\"text-align: center;\">Robo o p\u00e9rdida de informaci\u00f3n confidencial<\/p>\n\n\t\t<\/div>\n\t<\/div>\n<\/div><\/div><\/div><div class=\"wpb_column vc_column_container vc_col-sm-1\/5\"><div class=\"vc_column-inner\"><div class=\"wpb_wrapper\">\n\t<div  class=\"wpb_single_image wpb_content_element vc_align_center wpb_content_element\">\n\t\t\n\t\t<figure class=\"wpb_wrapper vc_figure\">\n\t\t\t<div class=\"vc_single_image-wrapper   vc_box_border_grey\"><img loading=\"lazy\" decoding=\"async\" width=\"150\" height=\"150\" src=\"https:\/\/grupobeit.com\/wp-content\/uploads\/2026\/02\/Captura-de-pantalla-2026-02-19-a-las-10.47.07-a.m-150x150.png\" class=\"vc_single_image-img attachment-thumbnail\" alt=\"\" title=\"Captura de pantalla 2026-02-19 a la(s) 10.47.07\u202fa.m.\" srcset=\"https:\/\/grupobeit.com\/wp-content\/uploads\/2026\/02\/Captura-de-pantalla-2026-02-19-a-las-10.47.07-a.m-150x150.png 150w, https:\/\/grupobeit.com\/wp-content\/uploads\/2026\/02\/Captura-de-pantalla-2026-02-19-a-las-10.47.07-a.m-12x12.png 12w, https:\/\/grupobeit.com\/wp-content\/uploads\/2026\/02\/Captura-de-pantalla-2026-02-19-a-las-10.47.07-a.m-100x100.png 100w, https:\/\/grupobeit.com\/wp-content\/uploads\/2026\/02\/Captura-de-pantalla-2026-02-19-a-las-10.47.07-a.m.png 204w\" sizes=\"auto, (max-width: 150px) 100vw, 150px\" \/><\/div>\n\t\t<\/figure>\n\t<\/div>\n\n\t<div class=\"wpb_text_column wpb_content_element\" >\n\t\t<div class=\"wpb_wrapper\">\n\t\t\t<p style=\"text-align: center;\">Ataques de ransomware y phishing<\/p>\n\n\t\t<\/div>\n\t<\/div>\n<\/div><\/div><\/div><div class=\"wpb_column vc_column_container vc_col-sm-1\/5\"><div class=\"vc_column-inner\"><div class=\"wpb_wrapper\">\n\t<div  class=\"wpb_single_image wpb_content_element vc_align_center wpb_content_element\">\n\t\t\n\t\t<figure class=\"wpb_wrapper vc_figure\">\n\t\t\t<div class=\"vc_single_image-wrapper   vc_box_border_grey\"><img loading=\"lazy\" decoding=\"async\" width=\"150\" height=\"150\" src=\"https:\/\/grupobeit.com\/wp-content\/uploads\/2026\/02\/Captura-de-pantalla-2026-02-19-a-las-10.47.19-a.m-150x150.png\" class=\"vc_single_image-img attachment-thumbnail\" alt=\"\" title=\"Captura de pantalla 2026-02-19 a la(s) 10.47.19\u202fa.m.\" srcset=\"https:\/\/grupobeit.com\/wp-content\/uploads\/2026\/02\/Captura-de-pantalla-2026-02-19-a-las-10.47.19-a.m-150x150.png 150w, https:\/\/grupobeit.com\/wp-content\/uploads\/2026\/02\/Captura-de-pantalla-2026-02-19-a-las-10.47.19-a.m-11x12.png 11w, https:\/\/grupobeit.com\/wp-content\/uploads\/2026\/02\/Captura-de-pantalla-2026-02-19-a-las-10.47.19-a.m-100x100.png 100w\" sizes=\"auto, (max-width: 150px) 100vw, 150px\" \/><\/div>\n\t\t<\/figure>\n\t<\/div>\n\n\t<div class=\"wpb_text_column wpb_content_element\" >\n\t\t<div class=\"wpb_wrapper\">\n\t\t\t<p style=\"text-align: center;\">Cumplimiento normativo (LPDP, ISO 27001, GDPR, entre otros)<\/p>\n\n\t\t<\/div>\n\t<\/div>\n<\/div><\/div><\/div><div class=\"wpb_column vc_column_container vc_col-sm-1\/5\"><div class=\"vc_column-inner\"><div class=\"wpb_wrapper\">\n\t<div  class=\"wpb_single_image wpb_content_element vc_align_center wpb_content_element\">\n\t\t\n\t\t<figure class=\"wpb_wrapper vc_figure\">\n\t\t\t<div class=\"vc_single_image-wrapper   vc_box_border_grey\"><img loading=\"lazy\" decoding=\"async\" width=\"150\" height=\"150\" src=\"https:\/\/grupobeit.com\/wp-content\/uploads\/2026\/02\/Captura-de-pantalla-2026-02-19-a-las-10.47.37-a.m-150x150.png\" class=\"vc_single_image-img attachment-thumbnail\" alt=\"\" title=\"Captura de pantalla 2026-02-19 a la(s) 10.47.37\u202fa.m.\" srcset=\"https:\/\/grupobeit.com\/wp-content\/uploads\/2026\/02\/Captura-de-pantalla-2026-02-19-a-las-10.47.37-a.m-150x150.png 150w, https:\/\/grupobeit.com\/wp-content\/uploads\/2026\/02\/Captura-de-pantalla-2026-02-19-a-las-10.47.37-a.m-12x12.png 12w, https:\/\/grupobeit.com\/wp-content\/uploads\/2026\/02\/Captura-de-pantalla-2026-02-19-a-las-10.47.37-a.m-100x100.png 100w\" sizes=\"auto, (max-width: 150px) 100vw, 150px\" \/><\/div>\n\t\t<\/figure>\n\t<\/div>\n\n\t<div class=\"wpb_text_column wpb_content_element\" >\n\t\t<div class=\"wpb_wrapper\">\n\t\t\t<p style=\"text-align: center;\">Ca\u00eddas operativas por fallas de infraestructura<\/p>\n\n\t\t<\/div>\n\t<\/div>\n<\/div><\/div><\/div><div class=\"wpb_column vc_column_container vc_col-sm-1\/5\"><div class=\"vc_column-inner\"><div class=\"wpb_wrapper\">\n\t<div  class=\"wpb_single_image wpb_content_element vc_align_center wpb_content_element\">\n\t\t\n\t\t<figure class=\"wpb_wrapper vc_figure\">\n\t\t\t<div class=\"vc_single_image-wrapper   vc_box_border_grey\"><img loading=\"lazy\" decoding=\"async\" width=\"150\" height=\"150\" src=\"https:\/\/grupobeit.com\/wp-content\/uploads\/2026\/02\/Captura-de-pantalla-2026-02-19-a-las-10.47.44-a.m-150x150.png\" class=\"vc_single_image-img attachment-thumbnail\" alt=\"\" title=\"Captura de pantalla 2026-02-19 a la(s) 10.47.44\u202fa.m.\" srcset=\"https:\/\/grupobeit.com\/wp-content\/uploads\/2026\/02\/Captura-de-pantalla-2026-02-19-a-las-10.47.44-a.m-150x150.png 150w, https:\/\/grupobeit.com\/wp-content\/uploads\/2026\/02\/Captura-de-pantalla-2026-02-19-a-las-10.47.44-a.m-12x12.png 12w, https:\/\/grupobeit.com\/wp-content\/uploads\/2026\/02\/Captura-de-pantalla-2026-02-19-a-las-10.47.44-a.m-100x100.png 100w\" sizes=\"auto, (max-width: 150px) 100vw, 150px\" \/><\/div>\n\t\t<\/figure>\n\t<\/div>\n\n\t<div class=\"wpb_text_column wpb_content_element\" >\n\t\t<div class=\"wpb_wrapper\">\n\t\t\t<p>Falta de visibilidad y monitoreo 24\/7<\/p>\n\n\t\t<\/div>\n\t<\/div>\n<\/div><\/div><\/div><\/div><\/div><\/div><\/div><\/div><\/div><\/div><\/div><\/div><\/div><div class=\"firwl-vc-row-container\" ><div data-vc-full-width=\"true\" data-vc-full-width-init=\"false\" data-vc-stretch-content=\"true\" class=\"vc_row firwl-stickycont wpb_row firwl-vc_row bg-deg vc_custom_1774028229709 vc_row-has-fill vc_column-gap-10 vc_row-o-content-middle vc_row-flex\"><div class=\"firwl-container__l firwl-rowcontainer-vc\"><div class=\"firwl-rowcontent\"><div class=\"wpb_column vc_column_container vc_col-sm-3\"><div class=\"vc_column-inner\"><div class=\"wpb_wrapper\">\n\t<div  class=\"wpb_single_image wpb_content_element vc_align_center wpb_content_element\">\n\t\t\n\t\t<figure class=\"wpb_wrapper vc_figure\">\n\t\t\t<div class=\"vc_single_image-wrapper   vc_box_border_grey\"><img loading=\"lazy\" decoding=\"async\" width=\"263\" height=\"451\" src=\"https:\/\/grupobeit.com\/wp-content\/uploads\/2026\/02\/CandadoGlow.png\" class=\"vc_single_image-img attachment-medium\" alt=\"\" title=\"CandadoGlow\" srcset=\"https:\/\/grupobeit.com\/wp-content\/uploads\/2026\/02\/CandadoGlow.png 263w, https:\/\/grupobeit.com\/wp-content\/uploads\/2026\/02\/CandadoGlow-7x12.png 7w\" sizes=\"auto, (max-width: 263px) 100vw, 263px\" \/><\/div>\n\t\t<\/figure>\n\t<\/div>\n<\/div><\/div><\/div><div class=\"wpb_column vc_column_container vc_col-sm-9\"><div class=\"vc_column-inner\"><div class=\"wpb_wrapper\">\n\t<div class=\"wpb_text_column wpb_content_element white check-list\" >\n\t\t<div class=\"wpb_wrapper\">\n\t\t\t<h2>NUESTRA PROPUESTA DE VALOR<\/h2>\n<ul>\n<li>Auditor\u00edas y evaluaci\u00f3n de vulnerabilidades<\/li>\n<li>Seguridad Perimetral y de Red (firewalls, antivirus, antimalware, detecci\u00f3n de intrusos)<\/li>\n<li>Protecci\u00f3n contra ransomware y ataques dirigidos<\/li>\n<li>Planes de contingencia y respuesta ante incidentes<\/li>\n<\/ul>\n\n\t\t<\/div>\n\t<\/div>\n<\/div><\/div><\/div><\/div><\/div><\/div><\/div><div class=\"vc_row-full-width vc_clearfix\"><\/div><div class=\"firwl-vc-row-container\" ><div class=\"vc_row firwl-stickycont wpb_row firwl-vc_row vc_custom_1774919413759\"><div class=\"firwl-rowcontainer-vc\"><div class=\"firwl-rowcontent\"><div class=\"wpb_column vc_column_container vc_col-sm-12\"><div class=\"vc_column-inner\"><div class=\"wpb_wrapper\">\n\t<div class=\"wpb_text_column wpb_content_element\" >\n\t\t<div class=\"wpb_wrapper\">\n\t\t\t<h2 class=\"wp-block-heading has-text-align-center has-text-color has-link-color wp-elements-9d03a8c4f35e37eac8dc4c2a4a7ede39\" style=\"text-align: center;\"><span style=\"color: #18545e;\">BUNDLES SMART BITS<\/span><\/h2>\n\n\t\t<\/div>\n\t<\/div>\n<div class=\"evc-pricing-table evc-shortcode evc-element-has-columns  evc-three-columns evc-normal-space\">\n\t<div class=\"evc-pt-wrapper evc-element-wrapper\">\n\t\t\t<\/div>\n<\/div>\n\n\t<div class=\"wpb_raw_code wpb_raw_html wpb_content_element\" >\n\t\t<div class=\"wpb_wrapper\">\n\t\t\t<table class=\"has-fixed-layout\">\n<thead>\n<tr>\n<th width=\"33.3%\" align=\"center\" style=\"text-align:center;\"><h5>ESENCIAL<br>(Protecci\u00f3n B\u00e1sica)<\/h5><\/th>\n<th width=\"33.3%\" align=\"center\" style=\"text-align:center;\"><h5>AVANZADO<br>(Protecci\u00f3n Integral)<\/h5><\/th>\n<th width=\"33.3%\" align=\"center\" style=\"background:#00555e;text-align:center;\"><h5 style=\"color:white;\">BUNDLE PREMIUM<br>(M\u00e1xima Protecci\u00f3n)<\/h5><\/th>\n<\/tr>\n<\/thead>\n<tbody><tr><td>Ideal para empresas que buscan seguridad fundamental sin grandes inversiones<\/td><td>Todo lo del bundle Esencial, m\u00e1s:<\/td><td>Para empresas con altos<br>requerimientos y cumplimiento<br>normativo, todo lo del Bundle<br>Avanzado, m\u00e1s:<\/td><\/tr><tr><td>Auditor\u00eda y evaluaci\u00f3n de<br>vulnerabilidades para determinar el<br>nivel de riesgo y tu postura de<br>ciberseguridad.<\/td><td>SIEM b\u00e1sico: monitoreo y detecci\u00f3n<br>de amenazas en tiempo real.<\/td><td>SOC 24\/7: centro de operaciones de<br>seguridad gestionado.<\/td><\/tr><tr><td>Entrega de un reporte con recomendaciones y plan de acci\u00f3n.<\/td><td>Seguridad en correos: protecci\u00f3n<br>contra phishing y malware en emails.<\/td><td>NOC 24\/7: monitoreo de la<br>infraestructura cr\u00edtica.<\/td><\/tr><tr><td>Firewall: Firewall de pr\u00f3xima<br>generaci\u00f3n (NGFW) b\u00e1sico.<\/td><td>MFA: autenticaci\u00f3n multifactor para<br>accesos cr\u00edticos.<\/td><td>XDR: protecci\u00f3n extendida contra<br>amenazas en la infraestructura cr\u00edtica.<\/td><\/tr><tr><td>Antivirus y EDR: Protecci\u00f3n de<br>endpoints con detecci\u00f3n y respuesta<br>(EDR).<\/td><td>Backups seguros: copia de<br>seguridad en la nube con<br>recuperaci\u00f3n r\u00e1pida.<\/td><td>DLP (Data Loss Prevention):<br>prevenci\u00f3n de fuga de datos.<\/td><\/tr><tr><td>VPN Segura: Para acceso remoto<br>cifrado.<\/td><td>Escaneo de vulnerabilidades:<br>revisi\u00f3n peri\u00f3dica de seguridad.<\/td><td>Pentesting anual: pruebas de<br>penetraci\u00f3n para evaluar<br>vulnerabilidades.<\/td><\/tr><tr><td>Gestor de contrase\u00f1as: Para mejorar<br>la seguridad del acceso.<\/td><td><\/td><td>Cumplimiento normativo:<br>herramientas para cumplir<br>regulaciones<br>(ISO 27001, GDPR, etc.).<\/td><\/tr><tr><td>Capacitaci\u00f3n b\u00e1sica: Sensibilizaci\u00f3n<br>en ciberseguridad para empleados.<\/td><td><\/td><td><\/td><\/tr><\/tbody><\/table>\n\t\t<\/div>\n\t<\/div>\n<\/div><\/div><\/div><\/div><\/div><\/div><\/div><div class=\"firwl-vc-row-container\" ><div data-vc-full-width=\"true\" data-vc-full-width-init=\"false\" data-vc-stretch-content=\"true\" class=\"vc_row firwl-stickycont wpb_row firwl-vc_row vc_custom_1774920059878 vc_row-has-fill\"><div class=\"firwl-container__l firwl-rowcontainer-vc\"><div class=\"firwl-rowcontent\"><div class=\"wpb_column vc_column_container vc_col-sm-12\"><div class=\"vc_column-inner\"><div class=\"wpb_wrapper\">\n\t<div class=\"wpb_text_column wpb_content_element white check-list\" >\n\t\t<div class=\"wpb_wrapper\">\n\t\t\t<h2 class=\"wp-block-heading has-text-align-center has-x-large-font-size\" style=\"text-align: center;\">Beneficios clave para tu negocio<\/h2>\n<div class=\"wp-block-uagb-icon-list uagb-block-1dbb08e2\">\n<div class=\"uagb-icon-list__wrap\">\n<ul>\n<li class=\"wp-block-uagb-icon-list-child uagb-block-7b470089\"><span class=\"uagb-icon-list__label\">Reducci\u00f3n significativa del riesgo cibern\u00e9tico<\/span><\/li>\n<li class=\"wp-block-uagb-icon-list-child uagb-block-7b470089\"><span class=\"uagb-icon-list__label\">Menor tiempo de inactividad ante incidentes<\/span><\/li>\n<li class=\"wp-block-uagb-icon-list-child uagb-block-1aa286e9\"><span class=\"uagb-icon-list__label\">Visibilidad total de tu postura de seguridad<\/span><\/li>\n<li class=\"wp-block-uagb-icon-list-child uagb-block-4e933cab\"><span class=\"uagb-icon-list__label\">Reportes ejecutivos y t\u00e9cnicos<\/span><\/li>\n<li class=\"wp-block-uagb-icon-list-child uagb-block-3bd9e6a1\"><span class=\"uagb-icon-list__label\">Cumplimiento normativo facilitado<\/span><\/li>\n<li class=\"wp-block-uagb-icon-list-child uagb-block-3d0e0363\"><span class=\"uagb-icon-list__label\">Optimizaci\u00f3n de costos y flujo de efectivo<\/span><\/li>\n<li class=\"wp-block-uagb-icon-list-child uagb-block-300c22ee\"><span class=\"uagb-icon-list__label\">Precio fijo en moneda nacional<\/span><\/li>\n<li class=\"wp-block-uagb-icon-list-child uagb-block-40ed8fdc\"><span class=\"uagb-icon-list__label\">Pago con criptomonedas<\/span><\/li>\n<li class=\"wp-block-uagb-icon-list-child uagb-block-1dc7abc6\"><span class=\"uagb-icon-list__label\">Todo bajo un esquema de precio fijo mensual y sin depreciaci\u00f3n de activos<\/span><\/li>\n<\/ul>\n<p>&nbsp;<\/p>\n<\/div>\n<\/div>\n<div class=\"wp-block-columns is-layout-flex wp-container-core-columns-is-layout-9d6595d7 wp-block-columns-is-layout-flex\">\n<div class=\"wp-block-column is-layout-flow wp-block-column-is-layout-flow\">\n<p class=\"has-text-align-center\" style=\"text-align: center;\">Smart Bits incluye hasta 50 usuarios, para m\u00e1s usuarios debe cotizarse de manera independiente.<br \/>\nLos servicios pueden contratarse de forma modular y escalar seg\u00fan tus necesidades.<\/p>\n<\/div>\n<\/div>\n\n\t\t<\/div>\n\t<\/div>\n<\/div><\/div><\/div><\/div><\/div><\/div><\/div><div class=\"vc_row-full-width vc_clearfix\"><\/div><div class=\"firwl-vc-row-container\" ><div data-vc-full-width=\"true\" data-vc-full-width-init=\"false\" data-vc-stretch-content=\"true\" class=\"vc_row firwl-stickycont wpb_row firwl-vc_row vc_custom_1774920111865\"><div class=\"firwl-container__l firwl-rowcontainer-vc\"><div class=\"firwl-rowcontent\"><div class=\"wpb_column vc_column_container vc_col-sm-12\"><div class=\"vc_column-inner\"><div class=\"wpb_wrapper\">\n\t<div class=\"wpb_text_column wpb_content_element\" >\n\t\t<div class=\"wpb_wrapper\">\n\t\t\t<h1 class=\"wp-block-heading has-text-align-center has-text-color has-link-color wp-elements-447d41e02eb76f60288c2d26791809d0\" style=\"text-align: center;\"><span style=\"color: #00555e;\">AGENDA UNA ASESOR\u00cdA SIN COSTO<\/span><\/h1>\n<p style=\"text-align: center;\">Descubre cu\u00e1l es el bundle Smart Bits ideal para tu empresa y recibe un diagn\u00f3stico inicial de tu postura de ciberseguridad.<\/p>\n\n\t\t<\/div>\n\t<\/div>\n<div class=\"vc_btn3-container  wpb_animate_when_almost_visible wpb_fadeInUp fadeInUp vc_btn3-center vc_custom_1774920376315 vc_do_btn\" ><a style=\"background-color:#2855A7; color:#FFFFFF;\" class=\"vc_general vc_btn3 vc_btn3-size-lg vc_btn3-shape-round vc_btn3-style-custom\" href=\"#cta\" title=\"\">SOLICITA TU DIAGN\u00d3STICO AHORA<\/a><\/div><\/div><\/div><\/div><\/div><\/div><\/div><\/div><div class=\"vc_row-full-width vc_clearfix\"><\/div>\n<\/div>","protected":false},"excerpt":{"rendered":"SMART BITS Ciberseguridad a Medida con IA, modular y escalable Protegiendo el \u00e9xito de tu empresa GrupoBeIT, con sus marcas especializadas Bur\u00f3MC Seguridad Inform\u00e1tica y Elit Infrastructure Services, cuenta con un portafolio de soluciones integrales en tecnolog\u00eda y ciberseguridad, personal altamente calificado, procesos alineados a est\u00e1ndares internacionales, mesa de servicio [...]","protected":false},"author":1,"featured_media":0,"parent":4085,"menu_order":0,"comment_status":"closed","ping_status":"closed","template":"","meta":{"_uag_custom_page_level_css":"","_monsterinsights_skip_tracking":false,"_monsterinsights_sitenote_active":false,"_monsterinsights_sitenote_note":"","_monsterinsights_sitenote_category":0,"footnotes":""},"class_list":["post-4087","page","type-page","status-publish","hentry"],"uagb_featured_image_src":{"full":false,"thumbnail":false,"medium":false,"medium_large":false,"large":false,"1536x1536":false,"2048x2048":false,"trp-custom-language-flag":false,"post-thumbnail":false,"firwl-squared-s":false,"firwl-squared-m":false,"firwl-card":false},"uagb_author_info":{"display_name":"admGrupoBeit","author_link":"https:\/\/grupobeit.com\/en\/author\/admgrupobeit\/"},"uagb_comment_info":0,"uagb_excerpt":null,"_links":{"self":[{"href":"https:\/\/grupobeit.com\/en\/wp-json\/wp\/v2\/pages\/4087","targetHints":{"allow":["GET"]}}],"collection":[{"href":"https:\/\/grupobeit.com\/en\/wp-json\/wp\/v2\/pages"}],"about":[{"href":"https:\/\/grupobeit.com\/en\/wp-json\/wp\/v2\/types\/page"}],"author":[{"embeddable":true,"href":"https:\/\/grupobeit.com\/en\/wp-json\/wp\/v2\/users\/1"}],"replies":[{"embeddable":true,"href":"https:\/\/grupobeit.com\/en\/wp-json\/wp\/v2\/comments?post=4087"}],"version-history":[{"count":3,"href":"https:\/\/grupobeit.com\/en\/wp-json\/wp\/v2\/pages\/4087\/revisions"}],"predecessor-version":[{"id":4097,"href":"https:\/\/grupobeit.com\/en\/wp-json\/wp\/v2\/pages\/4087\/revisions\/4097"}],"up":[{"embeddable":true,"href":"https:\/\/grupobeit.com\/en\/wp-json\/wp\/v2\/pages\/4085"}],"wp:attachment":[{"href":"https:\/\/grupobeit.com\/en\/wp-json\/wp\/v2\/media?parent=4087"}],"curies":[{"name":"wp","href":"https:\/\/api.w.org\/{rel}","templated":true}]}}