{"id":729,"date":"2019-05-06T09:50:39","date_gmt":"2019-05-06T09:50:39","guid":{"rendered":"https:\/\/firwl.qantumthemes.xyz\/installer\/?page_id=729"},"modified":"2019-05-06T09:50:39","modified_gmt":"2019-05-06T09:50:39","slug":"courses","status":"publish","type":"page","link":"https:\/\/grupobeit.com\/en\/courses\/","title":{"rendered":"Courses"},"content":{"rendered":"<div class=\"wpb-content-wrapper\"><div class=\"firwl-vc-row-container\" ><div class=\"vc_row firwl-stickycont wpb_row firwl-vc_row vc_custom_1558124557321 vc_row-has-fill\"><div class=\"firwl-rowcontainer-vc\"><div class=\"firwl-rowcontent\"><div class=\"wpb_column vc_column_container vc_col-sm-12\"><div class=\"vc_column-inner\"><div class=\"wpb_wrapper firwl-vc_section\"><div class=\"vc_row wpb_row vc_inner firwl-vc_row\"><div class=\"firwl-container firwl-rowcontainer-vc\"><div class=\"firwl-rowcontent\"><div class=\"wpb_column vc_column_container vc_col-sm-12\"><div class=\"vc_column-inner\"><div class=\"wpb_wrapper\"><article class=\"firwl-post firwl-post__eventfeat firwl-gradprimary firwl-negative post-2893 firwl_event type-firwl_event status-publish hentry\">\n\t<div>\n\t\t\t<\/div>\n\t<div class=\"firwl-post__eventfeat__c firwl-negative\">\n\t\t<div class=\"firwl-post__eventfeat__c__c\">\n\t\t\t<p class=\"firwl-meta firwl-small\">\n\t\t\t\t\t\t\t\t<span class=\"firwl-meta__dets\">\n\t\t\t\t\t11 August, 2025\t\t\t\t<\/span>\n\t\t\t<\/p>\n\n\t\t\t\n\n\t\t\t\t\t\t\t<h2 class=\"firwl-capfont firwl-glitchtxt firwl-largetitle\" data-firwl-text=\"\u00a1Festejo tecnol\u00f3gico!\">A Celebration of Innovation<\/h2>\n\t\t\t\t\n\n\t\t\t<div class=\"firwl-post__eventfeat__exc\">\n\t\t\t\t<p>Empresa mexicana Grupo BeIT\u00a0que fund\u00f3 y dirige\u00a0El\u00edas Cedillo Hern\u00e1ndez, celebra a lo grande sus primeros 19 a\u00f1os de vida con una renovada oferta de servicios y soluciones escalables para peque\u00f1as ...<\/p>\n\t\t\t<\/div>\n\t\t\t<a href=\"https:\/\/grupobeit.com\/en\/event\/festejo-tecnologico\/\" class=\"firwl-btn firwl-btn__l firwl-btn-primary\">Learn more<\/a>\n\t\t<\/div>\n\t<\/div>\n\t\n<\/article>\n<\/div><\/div><\/div><\/div><\/div><\/div><\/div><\/div><\/div><\/div><\/div><\/div><\/div><div class=\"firwl-vc-row-container\" ><div class=\"vc_row firwl-stickycont wpb_row firwl-vc_row vc_custom_1558124600306 vc_column-gap-30\"><div class=\"firwl-container firwl-rowcontainer-vc\"><div class=\"firwl-rowcontent\"><div class=\"wpb_column vc_column_container vc_col-sm-12\"><div class=\"vc_column-inner\"><div class=\"wpb_wrapper firwl-vc_section\">\n\t\t<div class=\"firwl-section-caption\">\n\n\t\t\t\t\t\t\t<h6 class=\"firwl-caption firwl-gradtext\"><span>More Events<\/span><\/h6>\n\t\t\t\t\t\t\t\t<h2 class=\"firwl-capfont firwl-glitchtxt\" data-firwl-text=\"Master Security\">Master Security<\/h2>\n\t\t\t\t\t\t\t\t<p>We offer a wide variety of online and class courses to master cyber security for your business.<\/p>\n\t\t\t\t\t\t<\/div>\n\t\t<article class=\"firwl-post firwl-post__event firwl-darkbg firwl-negative post-2892 firwl_event type-firwl_event status-publish hentry\">\n\t<div class=\"firwl-duotone\">\n\t\t<\/div>\n\t<div class=\"firwl-post__event__c\">\n\t\t<h4 class=\"firwl-post__event__d firwl-capfont\">\n\t\t\t<span>28<\/span>\n\t\t\t<span>Jul 2025<\/span>\n\t\t<\/h4>\n\t\t<div class=\"firwl-post__event__t\">\n\t\t\t<p class=\"firwl-meta firwl-small\">\n\t\t\t\t<i class=\"material-icons\">schedule<\/i>09:00\t\t\t<\/p>\n\t\t\t<h2 class=\"firwl-cutme-t\">BeIT: 19 years delivering comprehensive cybersecurity solutions for Mexico\u2019s mid-sized business sector<\/h2>\n\t\t<\/div>\n\t\t<div class=\"firwl-post__event__b\">\n\t\t\t<a href=\"https:\/\/grupobeit.com\/en\/event\/beit-19-anos-ofreciendo-soluciones-integrales-de-ciberseguridad-para-el-sector-medio\/\" class=\"firwl-btn firwl-btn__white\">See more<\/a>\n\t\t<\/div>\n\n\t<\/div>\n\t<span class=\"firwl-hov\"><\/span>\n<\/article><article class=\"firwl-post firwl-post__event firwl-darkbg firwl-negative post-2891 firwl_event type-firwl_event status-publish hentry\">\n\t<div class=\"firwl-duotone\">\n\t\t<\/div>\n\t<div class=\"firwl-post__event__c\">\n\t\t<h4 class=\"firwl-post__event__d firwl-capfont\">\n\t\t\t<span>24<\/span>\n\t\t\t<span>Jul 2025<\/span>\n\t\t<\/h4>\n\t\t<div class=\"firwl-post__event__t\">\n\t\t\t<p class=\"firwl-meta firwl-small\">\n\t\t\t\t<i class=\"material-icons\">schedule<\/i>09:00\t\t\t<\/p>\n\t\t\t<h2 class=\"firwl-cutme-t\">Cybersecurity, efficiency, and innovation: key drivers for the future of mid-sized enterprises in Mexico<\/h2>\n\t\t<\/div>\n\t\t<div class=\"firwl-post__event__b\">\n\t\t\t<a href=\"https:\/\/grupobeit.com\/en\/event\/ciberseguridad-eficiencia-e-innovacion-claves-para-el-futuro-de-las-medianas-empresas-en-mexico\/\" class=\"firwl-btn firwl-btn__white\">See more<\/a>\n\t\t<\/div>\n\n\t<\/div>\n\t<span class=\"firwl-hov\"><\/span>\n<\/article><article class=\"firwl-post firwl-post__event firwl-darkbg firwl-negative post-2890 firwl_event type-firwl_event status-publish hentry\">\n\t<div class=\"firwl-duotone\">\n\t\t<\/div>\n\t<div class=\"firwl-post__event__c\">\n\t\t<h4 class=\"firwl-post__event__d firwl-capfont\">\n\t\t\t<span>24<\/span>\n\t\t\t<span>Jul 2025<\/span>\n\t\t<\/h4>\n\t\t<div class=\"firwl-post__event__t\">\n\t\t\t<p class=\"firwl-meta firwl-small\">\n\t\t\t\t<i class=\"material-icons\">schedule<\/i>11:09\t\t\t<\/p>\n\t\t\t<h2 class=\"firwl-cutme-t\">Technological transformation is a direct response to growing cyber risks.<\/h2>\n\t\t<\/div>\n\t\t<div class=\"firwl-post__event__b\">\n\t\t\t<a href=\"https:\/\/grupobeit.com\/en\/event\/transformacion-tecnologica-responde-a-los-riesgos-ciberneticos\/\" class=\"firwl-btn firwl-btn__white\">See more<\/a>\n\t\t<\/div>\n\n\t<\/div>\n\t<span class=\"firwl-hov\"><\/span>\n<\/article>\t\t\t<hr class=\"firwl-spacer-m\">\n\t\t <p class=\"aligncenter\"><a href=\"https:\/\/firwl.qantumthemes.xyz\/installer\/events-and-seminars\/\"  \n\t\tclass=\"firwl-btn firwl-btn-primary aligncenter  firwl-btn__l\">More Events<\/a><\/p><\/div><\/div><\/div><\/div><\/div><\/div><\/div>\n<\/div>","protected":false},"excerpt":{"rendered":"<p>M\u00e9xico fue objetivo de m\u00e1s de 80,000 millones de intentos de ciberataques, siendo uno de los pa\u00edses m\u00e1s atacados en Am\u00e9rica Latina, seg\u00fan la Asociaci\u00f3n Mexicana de Ciberseguridad. En un ...<\/p>","protected":false},"author":1,"featured_media":0,"parent":0,"menu_order":0,"comment_status":"closed","ping_status":"closed","template":"page-fullwidth.php","meta":{"_uag_custom_page_level_css":"","_monsterinsights_skip_tracking":false,"_monsterinsights_sitenote_active":false,"_monsterinsights_sitenote_note":"","_monsterinsights_sitenote_category":0,"footnotes":""},"class_list":["post-729","page","type-page","status-publish","hentry"],"uagb_featured_image_src":{"full":false,"thumbnail":false,"medium":false,"medium_large":false,"large":false,"1536x1536":false,"2048x2048":false,"trp-custom-language-flag":false,"post-thumbnail":false,"firwl-squared-s":false,"firwl-squared-m":false,"firwl-card":false},"uagb_author_info":{"display_name":"admGrupoBeit","author_link":"https:\/\/grupobeit.com\/en\/author\/admgrupobeit\/"},"uagb_comment_info":0,"uagb_excerpt":"M\u00e9xico fue objetivo de m\u00e1s de 80,000 millones de intentos de ciberataques, siendo uno de los pa\u00edses m\u00e1s atacados en Am\u00e9rica Latina, seg\u00fan la Asociaci\u00f3n Mexicana de Ciberseguridad. En un [...]","_links":{"self":[{"href":"https:\/\/grupobeit.com\/en\/wp-json\/wp\/v2\/pages\/729","targetHints":{"allow":["GET"]}}],"collection":[{"href":"https:\/\/grupobeit.com\/en\/wp-json\/wp\/v2\/pages"}],"about":[{"href":"https:\/\/grupobeit.com\/en\/wp-json\/wp\/v2\/types\/page"}],"author":[{"embeddable":true,"href":"https:\/\/grupobeit.com\/en\/wp-json\/wp\/v2\/users\/1"}],"replies":[{"embeddable":true,"href":"https:\/\/grupobeit.com\/en\/wp-json\/wp\/v2\/comments?post=729"}],"version-history":[{"count":0,"href":"https:\/\/grupobeit.com\/en\/wp-json\/wp\/v2\/pages\/729\/revisions"}],"wp:attachment":[{"href":"https:\/\/grupobeit.com\/en\/wp-json\/wp\/v2\/media?parent=729"}],"curies":[{"name":"wp","href":"https:\/\/api.w.org\/{rel}","templated":true}]}}